{"id":1923,"date":"2022-11-14T07:25:13","date_gmt":"2022-11-14T07:25:13","guid":{"rendered":"https:\/\/urad.es\/?post_type=product&#038;p=1923"},"modified":"2026-01-23T08:42:51","modified_gmt":"2026-01-23T08:42:51","slug":"urad-radar-level-sensing","status":"publish","type":"product","link":"https:\/\/urad.es\/en\/product\/urad-level-sensing","title":{"rendered":"uRAD Radar Level Sensing"},"content":{"rendered":"","protected":false},"excerpt":{"rendered":"<div style=\"display: flex; gap: 12px; margin-bottom: 25px; flex-wrap: wrap; font-family: 'Work Sans', 'Rajdhani', 'Orbitron', sans-serif;\">\n    <a href=\"\/wp-content\/descargables\/uRAD - Datasheet - Level Sensing - EN.pdf\" target=\"_blank\" rel=\"noopener noreferrer\" style=\"display: inline-flex !important; flex-direction: row !important; align-items: center !important; gap: 8px; padding: 12px 22px; background-color: white; color: #49a6bf; text-decoration: none; border-radius: 30px; font-size: 14px; font-weight: 600; letter-spacing: 0.5px; border: 2px solid #49a6bf; box-shadow: 0 4px 15px rgba(73, 166, 191, 0.2); white-space: nowrap;\"><br \/>\n        <svg style=\"flex-shrink: 0; display: inline-block !important; vertical-align: middle;\" width=\"18\" height=\"18\" fill=\"currentColor\" viewbox=\"0 0 16 16\"><path d=\"M14 14V4.5L9.5 0H4a2 2 0 0 0-2 2v12a2 2 0 0 0 2 2h8a2 2 0 0 0 2-2zM9.5 3A1.5 1.5 0 0 0 11 4.5h2V14a1 1 0 0 1-1 1H4a1 1 0 0 1-1-1V2a1 1 0 0 1 1-1h5.5v2z\"\/><\/svg><span style=\"display: inline !important;\">DATASHEET<\/span><br \/>\n    <\/a><br \/>\n    <a href=\"\/wp-content\/descargables\/uRAD - User Manual - Level Sensing - EN.pdf\" target=\"_blank\" rel=\"noopener noreferrer\" style=\"display: inline-flex !important; flex-direction: row !important; align-items: center !important; gap: 8px; padding: 12px 22px; background-color: white; color: #49a6bf; text-decoration: none; border-radius: 30px; font-size: 14px; font-weight: 600; letter-spacing: 0.5px; border: 2px solid #49a6bf; box-shadow: 0 4px 15px rgba(73, 166, 191, 0.2); white-space: nowrap;\"><br \/>\n        <svg style=\"flex-shrink: 0; display: inline-block !important; vertical-align: middle;\" width=\"18\" height=\"18\" fill=\"currentColor\" viewbox=\"0 0 16 16\"><path d=\"M1 2.828c.885-.37 2.154-.769 3.388-.893 1.33-.134 2.458.063 3.112.752v9.746c-.935-.53-2.12-.603-3.213-.493-1.18.12-2.37.461-3.287.811V2.828zm7.5-.141c.654-.689 1.782-.886 3.112-.752 1.234.124 2.503.523 3.388.893v9.923c-.918-.35-2.107-.692-3.287-.81-1.094-.111-2.278-.039-3.213.492V2.687zM8 1.783C7.015.936 5.587.81 4.287.94c-1.514.153-3.042.672-3.994 1.105A.5.5 0 0 0 0 2.5v11a.5.5 0 0 0 .707.455c.882-.4 2.303-.881 3.68-1.02 1.409-.142 2.59.087 3.223.877a.5.5 0 0 0 .78 0c.633-.79 1.814-1.019 3.222-.877 1.378.139 2.8.62 3.681 1.02A.5.5 0 0 0 16 13.5v-11a.5.5 0 0 0-.293-.455c-.952-.433-2.48-.952-3.994-1.105C10.413.809 8.985.936 8 1.783z\"\/><\/svg><span style=\"display: inline !important;\">USER MANUAL<\/span><br \/>\n    <\/a><br \/>\n    <a href=\"\/wp-content\/descargables\/uRAD_Level_Sensing_SDK.zip\" target=\"_blank\" rel=\"noopener noreferrer\" style=\"display: inline-flex !important; flex-direction: row !important; align-items: center !important; gap: 8px; padding: 12px 22px; background-color: white; color: #49a6bf; text-decoration: none; border-radius: 30px; font-size: 14px; font-weight: 600; letter-spacing: 0.5px; border: 2px solid #49a6bf; box-shadow: 0 4px 15px rgba(73, 166, 191, 0.2); white-space: nowrap;\"><br \/>\n        <svg style=\"flex-shrink: 0; display: inline-block !important; vertical-align: middle;\" width=\"18\" height=\"18\" fill=\"currentColor\" viewbox=\"0 0 16 16\"><path d=\"M.5 9.9a.5.5 0 0 1 .5.5v2.5a1 1 0 0 0 1 1h12a1 1 0 0 0 1-1v-2.5a.5.5 0 0 1 1 0v2.5a2 2 0 0 1-2 2H2a2 2 0 0 1-2-2v-2.5a.5.5 0 0 1 .5-.5z\"\/><path d=\"M7.646 11.854a.5.5 0 0 0 .708 0l3-3a.5.5 0 0 0-.708-.708L8.5 10.293V1.5a.5.5 0 0 0-1 0v8.793L5.354 8.146a.5.5 0 1 0-.708.708l3 3z\"\/><\/svg><span style=\"display: inline !important;\">SDK<\/span><br \/>\n    <\/a>\n<\/div>\n<p>Main features:<\/p>\n<p>&nbsp;<\/p>\n<ul>\n<li>Outstanding accuracy (less than 1 mm)<\/li>\n<li>Large range (more than 100 m)<\/li>\n<li>Two options: 60 or 77 GHz<\/li>\n<li>High performance and affordable price<\/li>\n<\/ul>\n<p>&nbsp;<\/p>\n<p>Our product includes:<\/p>\n<p>&nbsp;<\/p>\n<ul>\n<li>uRAD Shield<\/li>\n<li>PLA case and metallic covering<\/li>\n<li>User manual<\/li>\n<li>Specific firmware<\/li>\n<li>Python, C++ and Arduino IDE libraries<\/li>\n<\/ul>","protected":false},"featured_media":2569,"template":"","meta":{"inline_featured_image":false},"product_cat":[15],"product_tag":[],"class_list":["post-1923","product","type-product","status-publish","has-post-thumbnail","hentry","product_cat-uncategorized"],"bundle_layout":"default","bundled_by":[],"bundled_items":[{"bundled_item_id":38,"product_id":2093,"menu_order":0,"quantity_min":1,"quantity_max":100,"priced_individually":true,"shipped_individually":false,"override_title":false,"title":"","override_description":false,"description":"","optional":false,"hide_thumbnail":false,"discount":"","override_variations":false,"allowed_variations":[],"override_default_variation_attributes":false,"default_variation_attributes":[],"single_product_visibility":"visible","cart_visibility":"visible","order_visibility":"visible","single_product_price_visibility":"visible","cart_price_visibility":"visible","order_price_visibility":"visible","stock_status":"in_stock"},{"bundled_item_id":33,"product_id":1924,"menu_order":1,"quantity_min":1,"quantity_max":1000,"priced_individually":true,"shipped_individually":false,"override_title":false,"title":"","override_description":false,"description":"","optional":true,"hide_thumbnail":false,"discount":"","override_variations":false,"allowed_variations":[],"override_default_variation_attributes":false,"default_variation_attributes":[],"single_product_visibility":"visible","cart_visibility":"visible","order_visibility":"visible","single_product_price_visibility":"visible","cart_price_visibility":"visible","order_price_visibility":"visible","stock_status":"in_stock"},{"bundled_item_id":32,"product_id":242,"menu_order":2,"quantity_min":1,"quantity_max":1,"priced_individually":true,"shipped_individually":true,"override_title":false,"title":"","override_description":false,"description":"","optional":true,"hide_thumbnail":false,"discount":"","override_variations":false,"allowed_variations":[],"override_default_variation_attributes":false,"default_variation_attributes":[],"single_product_visibility":"visible","cart_visibility":"visible","order_visibility":"visible","single_product_price_visibility":"visible","cart_price_visibility":"visible","order_price_visibility":"visible","stock_status":"in_stock"}],"yoast_head":"<!-- This site is optimized with the Yoast SEO plugin v26.9 - https:\/\/yoast.com\/product\/yoast-seo-wordpress\/ -->\n<title>uRAD Radar Level Sensing - uRAD - Universal Radar<\/title>\n<meta name=\"description\" content=\"Level Sensing en una modelo uRAD dise\u00f1ado para aplicaciones de sensado de nivel con tecnolog\u00eda radar. Medidas de gran precisi\u00f3n y largo alcance. Desc\u00fabrelo!\" \/>\n<meta name=\"robots\" content=\"index, follow, max-snippet:-1, max-image-preview:large, max-video-preview:-1\" \/>\n<link rel=\"canonical\" href=\"https:\/\/urad.es\/en\/product\/urad-level-sensing\/\" \/>\n<meta property=\"og:locale\" content=\"en_GB\" \/>\n<meta property=\"og:type\" content=\"article\" \/>\n<meta property=\"og:title\" content=\"uRAD Radar Level Sensing - uRAD - Universal Radar\" \/>\n<meta property=\"og:description\" content=\"Level Sensing en una modelo uRAD dise\u00f1ado para aplicaciones de sensado de nivel con tecnolog\u00eda radar. Medidas de gran precisi\u00f3n y largo alcance. Desc\u00fabrelo!\" \/>\n<meta property=\"og:url\" content=\"https:\/\/urad.es\/en\/product\/urad-level-sensing\/\" \/>\n<meta property=\"og:site_name\" content=\"uRAD - Universal Radar\" \/>\n<meta property=\"article:modified_time\" content=\"2026-01-23T08:42:51+00:00\" \/>\n<meta property=\"og:image\" content=\"https:\/\/urad.es\/wp-content\/uploads\/2022\/11\/explosion4.webp\" \/>\n\t<meta property=\"og:image:width\" content=\"1728\" \/>\n\t<meta property=\"og:image:height\" content=\"1363\" \/>\n\t<meta property=\"og:image:type\" content=\"image\/webp\" \/>\n<meta name=\"twitter:card\" content=\"summary_large_image\" \/>\n<meta name=\"twitter:site\" content=\"@urad_es\" \/>\n<meta name=\"twitter:label1\" content=\"Estimated reading time\" \/>\n\t<meta name=\"twitter:data1\" content=\"1 minute\" \/>\n<script type=\"application\/ld+json\" class=\"yoast-schema-graph\">{\"@context\":\"https:\/\/schema.org\",\"@graph\":[{\"@type\":\"WebPage\",\"@id\":\"https:\/\/urad.es\/en\/product\/urad-level-sensing\/\",\"url\":\"https:\/\/urad.es\/en\/product\/urad-level-sensing\/\",\"name\":\"uRAD Radar Level Sensing - uRAD - Universal Radar\",\"isPartOf\":{\"@id\":\"https:\/\/urad.es\/en\/#website\"},\"primaryImageOfPage\":{\"@id\":\"https:\/\/urad.es\/en\/product\/urad-level-sensing\/#primaryimage\"},\"image\":{\"@id\":\"https:\/\/urad.es\/en\/product\/urad-level-sensing\/#primaryimage\"},\"thumbnailUrl\":\"https:\/\/urad.es\/wp-content\/uploads\/2022\/11\/explosion4.webp\",\"datePublished\":\"2022-11-14T07:25:13+00:00\",\"dateModified\":\"2026-01-23T08:42:51+00:00\",\"description\":\"Level Sensing en una modelo uRAD dise\u00f1ado para aplicaciones de sensado de nivel con tecnolog\u00eda radar. Medidas de gran precisi\u00f3n y largo alcance. Desc\u00fabrelo!\",\"breadcrumb\":{\"@id\":\"https:\/\/urad.es\/en\/product\/urad-level-sensing\/#breadcrumb\"},\"inLanguage\":\"en-GB\",\"potentialAction\":[{\"@type\":\"ReadAction\",\"target\":[\"https:\/\/urad.es\/en\/product\/urad-level-sensing\/\"]}]},{\"@type\":\"ImageObject\",\"inLanguage\":\"en-GB\",\"@id\":\"https:\/\/urad.es\/en\/product\/urad-level-sensing\/#primaryimage\",\"url\":\"https:\/\/urad.es\/wp-content\/uploads\/2022\/11\/explosion4.webp\",\"contentUrl\":\"https:\/\/urad.es\/wp-content\/uploads\/2022\/11\/explosion4.webp\",\"width\":1728,\"height\":1363},{\"@type\":\"BreadcrumbList\",\"@id\":\"https:\/\/urad.es\/en\/product\/urad-level-sensing\/#breadcrumb\",\"itemListElement\":[{\"@type\":\"ListItem\",\"position\":1,\"name\":\"Portada\",\"item\":\"https:\/\/urad.es\/en\/\"},{\"@type\":\"ListItem\",\"position\":2,\"name\":\"Products\",\"item\":\"https:\/\/urad.es\/shop\/\"},{\"@type\":\"ListItem\",\"position\":3,\"name\":\"uRAD Radar Level Sensing\"}]},{\"@type\":\"WebSite\",\"@id\":\"https:\/\/urad.es\/en\/#website\",\"url\":\"https:\/\/urad.es\/en\/\",\"name\":\"uRAD - Universal Radar\",\"description\":\"La forma m\u00e1s sencilla de medir velocidad, distancia y presencia.\",\"publisher\":{\"@id\":\"https:\/\/urad.es\/en\/#organization\"},\"potentialAction\":[{\"@type\":\"SearchAction\",\"target\":{\"@type\":\"EntryPoint\",\"urlTemplate\":\"https:\/\/urad.es\/en\/?s={search_term_string}\"},\"query-input\":{\"@type\":\"PropertyValueSpecification\",\"valueRequired\":true,\"valueName\":\"search_term_string\"}}],\"inLanguage\":\"en-GB\"},{\"@type\":\"Organization\",\"@id\":\"https:\/\/urad.es\/en\/#organization\",\"name\":\"uRAD\",\"url\":\"https:\/\/urad.es\/en\/\",\"logo\":{\"@type\":\"ImageObject\",\"inLanguage\":\"en-GB\",\"@id\":\"https:\/\/urad.es\/en\/#\/schema\/logo\/image\/\",\"url\":\"https:\/\/urad.es\/wp-content\/uploads\/2019\/03\/IMAGOTIPO-uRAD-ORIGINAL-by-Anteral.jpg\",\"contentUrl\":\"https:\/\/urad.es\/wp-content\/uploads\/2019\/03\/IMAGOTIPO-uRAD-ORIGINAL-by-Anteral.jpg\",\"width\":3404,\"height\":1776,\"caption\":\"uRAD\"},\"image\":{\"@id\":\"https:\/\/urad.es\/en\/#\/schema\/logo\/image\/\"},\"sameAs\":[\"https:\/\/x.com\/urad_es\",\"https:\/\/www.linkedin.com\/company\/urad-es\/\"]}]}<\/script>\n<!-- \/ Yoast SEO plugin. -->","yoast_head_json":{"title":"uRAD Radar Level Sensing - uRAD - Universal Radar","description":"Level Sensing in a uRAD version designed for level sensing applications with radar technology. High precision and long range measurements.","robots":{"index":"index","follow":"follow","max-snippet":"max-snippet:-1","max-image-preview":"max-image-preview:large","max-video-preview":"max-video-preview:-1"},"canonical":"https:\/\/urad.es\/en\/product\/urad-level-sensing\/","og_locale":"en_GB","og_type":"article","og_title":"uRAD Radar Level Sensing - uRAD - Universal Radar","og_description":"Level Sensing en una modelo uRAD dise\u00f1ado para aplicaciones de sensado de nivel con tecnolog\u00eda radar. Medidas de gran precisi\u00f3n y largo alcance. Desc\u00fabrelo!","og_url":"https:\/\/urad.es\/en\/product\/urad-level-sensing\/","og_site_name":"uRAD - Universal Radar","article_modified_time":"2026-01-23T08:42:51+00:00","og_image":[{"width":1728,"height":1363,"url":"https:\/\/urad.es\/wp-content\/uploads\/2022\/11\/explosion4.webp","type":"image\/webp"}],"twitter_card":"summary_large_image","twitter_site":"@urad_es","twitter_misc":{"Estimated reading time":"1 minute"},"schema":{"@context":"https:\/\/schema.org","@graph":[{"@type":"WebPage","@id":"https:\/\/urad.es\/en\/product\/urad-level-sensing\/","url":"https:\/\/urad.es\/en\/product\/urad-level-sensing\/","name":"uRAD Radar Level Sensing - uRAD - Universal Radar","isPartOf":{"@id":"https:\/\/urad.es\/en\/#website"},"primaryImageOfPage":{"@id":"https:\/\/urad.es\/en\/product\/urad-level-sensing\/#primaryimage"},"image":{"@id":"https:\/\/urad.es\/en\/product\/urad-level-sensing\/#primaryimage"},"thumbnailUrl":"https:\/\/urad.es\/wp-content\/uploads\/2022\/11\/explosion4.webp","datePublished":"2022-11-14T07:25:13+00:00","dateModified":"2026-01-23T08:42:51+00:00","description":"Level Sensing in a uRAD version designed for level sensing applications with radar technology. High precision and long range measurements.","breadcrumb":{"@id":"https:\/\/urad.es\/en\/product\/urad-level-sensing\/#breadcrumb"},"inLanguage":"en-GB","potentialAction":[{"@type":"ReadAction","target":["https:\/\/urad.es\/en\/product\/urad-level-sensing\/"]}]},{"@type":"ImageObject","inLanguage":"en-GB","@id":"https:\/\/urad.es\/en\/product\/urad-level-sensing\/#primaryimage","url":"https:\/\/urad.es\/wp-content\/uploads\/2022\/11\/explosion4.webp","contentUrl":"https:\/\/urad.es\/wp-content\/uploads\/2022\/11\/explosion4.webp","width":1728,"height":1363},{"@type":"BreadcrumbList","@id":"https:\/\/urad.es\/en\/product\/urad-level-sensing\/#breadcrumb","itemListElement":[{"@type":"ListItem","position":1,"name":"Portada","item":"https:\/\/urad.es\/en\/"},{"@type":"ListItem","position":2,"name":"Products","item":"https:\/\/urad.es\/shop\/"},{"@type":"ListItem","position":3,"name":"uRAD Radar Level Sensing"}]},{"@type":"WebSite","@id":"https:\/\/urad.es\/en\/#website","url":"https:\/\/urad.es\/en\/","name":"uRAD - Universal Radar","description":"The easiest way to measure velocity, distance and detect presence.","publisher":{"@id":"https:\/\/urad.es\/en\/#organization"},"potentialAction":[{"@type":"SearchAction","target":{"@type":"EntryPoint","urlTemplate":"https:\/\/urad.es\/en\/?s={search_term_string}"},"query-input":{"@type":"PropertyValueSpecification","valueRequired":true,"valueName":"search_term_string"}}],"inLanguage":"en-GB"},{"@type":"Organization","@id":"https:\/\/urad.es\/en\/#organization","name":"uRAD","url":"https:\/\/urad.es\/en\/","logo":{"@type":"ImageObject","inLanguage":"en-GB","@id":"https:\/\/urad.es\/en\/#\/schema\/logo\/image\/","url":"https:\/\/urad.es\/wp-content\/uploads\/2019\/03\/IMAGOTIPO-uRAD-ORIGINAL-by-Anteral.jpg","contentUrl":"https:\/\/urad.es\/wp-content\/uploads\/2019\/03\/IMAGOTIPO-uRAD-ORIGINAL-by-Anteral.jpg","width":3404,"height":1776,"caption":"uRAD"},"image":{"@id":"https:\/\/urad.es\/en\/#\/schema\/logo\/image\/"},"sameAs":["https:\/\/x.com\/urad_es","https:\/\/www.linkedin.com\/company\/urad-es\/"]}]}},"_links":{"self":[{"href":"https:\/\/urad.es\/en\/wp-json\/wp\/v2\/product\/1923","targetHints":{"allow":["GET"]}}],"collection":[{"href":"https:\/\/urad.es\/en\/wp-json\/wp\/v2\/product"}],"about":[{"href":"https:\/\/urad.es\/en\/wp-json\/wp\/v2\/types\/product"}],"wp:featuredmedia":[{"embeddable":true,"href":"https:\/\/urad.es\/en\/wp-json\/wp\/v2\/media\/2569"}],"wp:attachment":[{"href":"https:\/\/urad.es\/en\/wp-json\/wp\/v2\/media?parent=1923"}],"wp:term":[{"taxonomy":"product_cat","embeddable":true,"href":"https:\/\/urad.es\/en\/wp-json\/wp\/v2\/product_cat?post=1923"},{"taxonomy":"product_tag","embeddable":true,"href":"https:\/\/urad.es\/en\/wp-json\/wp\/v2\/product_tag?post=1923"}],"curies":[{"name":"wp","href":"https:\/\/api.w.org\/{rel}","templated":true}]}}