{"id":1373,"date":"2021-05-18T15:32:56","date_gmt":"2021-05-18T15:32:56","guid":{"rendered":"https:\/\/urad.es\/?post_type=product&#038;p=1373"},"modified":"2021-10-20T11:46:55","modified_gmt":"2021-10-20T11:46:55","slug":"pla-lens-for-urad-industrial","status":"publish","type":"product","link":"https:\/\/urad.es\/en\/product\/pla-lens-for-urad-industrial\/","title":{"rendered":"PLA Lens for uRAD Industrial"},"content":{"rendered":"","protected":false},"excerpt":{"rendered":"<div class=\"translation-block\"><span style=\"font-family: Poppins;\">Lente de PLA para reducir el campo de visi\u00f3n a 10 grados para aplicaciones de sensado de nivel y detecci\u00f3n frontal.<\/span><br \/>\n<a style=\"color: #45a7c1 !important;\" href=\"\/wp-content\/descargables\/uRAD - PLA lens for uRAD Industrial - ES.pdf\" target=\"_blank\" rel=\"noopener\">M\u00e1s info.<\/a><\/div>","protected":false},"featured_media":1374,"template":"","meta":{"inline_featured_image":false},"product_cat":[15],"product_tag":[],"class_list":["post-1373","product","type-product","status-publish","has-post-thumbnail","hentry","product_cat-uncategorized"],"bundle_layout":"","bundled_by":[],"bundled_items":[],"yoast_head":"<!-- This site is optimized with the Yoast SEO plugin v26.9 - https:\/\/yoast.com\/product\/yoast-seo-wordpress\/ -->\n<title>PLA Lens for uRAD Industrial - uRAD - Universal Radar<\/title>\n<meta name=\"robots\" content=\"index, follow, max-snippet:-1, max-image-preview:large, max-video-preview:-1\" \/>\n<link rel=\"canonical\" href=\"https:\/\/urad.es\/en\/product\/pla-lens-for-urad-industrial\/\" \/>\n<meta property=\"og:locale\" content=\"en_GB\" \/>\n<meta property=\"og:type\" content=\"article\" \/>\n<meta property=\"og:title\" content=\"PLA Lens for uRAD Industrial - uRAD - Universal Radar\" \/>\n<meta property=\"og:description\" content=\"Lente de PLA para reducir el campo de visi\u00f3n a 10 grados para aplicaciones de sensado de nivel y detecci\u00f3n frontal. M\u00e1s info.\" \/>\n<meta property=\"og:url\" content=\"https:\/\/urad.es\/en\/product\/pla-lens-for-urad-industrial\/\" \/>\n<meta property=\"og:site_name\" content=\"uRAD - Universal Radar\" \/>\n<meta property=\"article:modified_time\" content=\"2021-10-20T11:46:55+00:00\" \/>\n<meta property=\"og:image\" content=\"https:\/\/urad.es\/wp-content\/uploads\/2021\/05\/lente.png\" \/>\n\t<meta property=\"og:image:width\" content=\"575\" \/>\n\t<meta property=\"og:image:height\" content=\"575\" \/>\n\t<meta property=\"og:image:type\" content=\"image\/png\" \/>\n<meta name=\"twitter:card\" content=\"summary_large_image\" \/>\n<meta name=\"twitter:site\" content=\"@urad_es\" \/>\n<script type=\"application\/ld+json\" class=\"yoast-schema-graph\">{\"@context\":\"https:\/\/schema.org\",\"@graph\":[{\"@type\":\"WebPage\",\"@id\":\"https:\/\/urad.es\/en\/product\/pla-lens-for-urad-industrial\/\",\"url\":\"https:\/\/urad.es\/en\/product\/pla-lens-for-urad-industrial\/\",\"name\":\"PLA Lens for uRAD Industrial - uRAD - Universal Radar\",\"isPartOf\":{\"@id\":\"https:\/\/urad.es\/#website\"},\"primaryImageOfPage\":{\"@id\":\"https:\/\/urad.es\/en\/product\/pla-lens-for-urad-industrial\/#primaryimage\"},\"image\":{\"@id\":\"https:\/\/urad.es\/en\/product\/pla-lens-for-urad-industrial\/#primaryimage\"},\"thumbnailUrl\":\"https:\/\/urad.es\/wp-content\/uploads\/2021\/05\/lente.png\",\"datePublished\":\"2021-05-18T15:32:56+00:00\",\"dateModified\":\"2021-10-20T11:46:55+00:00\",\"breadcrumb\":{\"@id\":\"https:\/\/urad.es\/en\/product\/pla-lens-for-urad-industrial\/#breadcrumb\"},\"inLanguage\":\"en-GB\",\"potentialAction\":[{\"@type\":\"ReadAction\",\"target\":[\"https:\/\/urad.es\/en\/product\/pla-lens-for-urad-industrial\/\"]}]},{\"@type\":\"ImageObject\",\"inLanguage\":\"en-GB\",\"@id\":\"https:\/\/urad.es\/en\/product\/pla-lens-for-urad-industrial\/#primaryimage\",\"url\":\"https:\/\/urad.es\/wp-content\/uploads\/2021\/05\/lente.png\",\"contentUrl\":\"https:\/\/urad.es\/wp-content\/uploads\/2021\/05\/lente.png\",\"width\":575,\"height\":575},{\"@type\":\"BreadcrumbList\",\"@id\":\"https:\/\/urad.es\/en\/product\/pla-lens-for-urad-industrial\/#breadcrumb\",\"itemListElement\":[{\"@type\":\"ListItem\",\"position\":1,\"name\":\"Portada\",\"item\":\"https:\/\/urad.es\/\"},{\"@type\":\"ListItem\",\"position\":2,\"name\":\"Products\",\"item\":\"https:\/\/urad.es\/en\/shop\/\"},{\"@type\":\"ListItem\",\"position\":3,\"name\":\"PLA Lens for uRAD Industrial\"}]},{\"@type\":\"WebSite\",\"@id\":\"https:\/\/urad.es\/#website\",\"url\":\"https:\/\/urad.es\/\",\"name\":\"uRAD - Universal Radar\",\"description\":\"La forma m\u00e1s sencilla de medir velocidad, distancia y presencia.\",\"publisher\":{\"@id\":\"https:\/\/urad.es\/#organization\"},\"potentialAction\":[{\"@type\":\"SearchAction\",\"target\":{\"@type\":\"EntryPoint\",\"urlTemplate\":\"https:\/\/urad.es\/?s={search_term_string}\"},\"query-input\":{\"@type\":\"PropertyValueSpecification\",\"valueRequired\":true,\"valueName\":\"search_term_string\"}}],\"inLanguage\":\"en-GB\"},{\"@type\":\"Organization\",\"@id\":\"https:\/\/urad.es\/#organization\",\"name\":\"uRAD\",\"url\":\"https:\/\/urad.es\/\",\"logo\":{\"@type\":\"ImageObject\",\"inLanguage\":\"en-GB\",\"@id\":\"https:\/\/urad.es\/#\/schema\/logo\/image\/\",\"url\":\"https:\/\/urad.es\/wp-content\/uploads\/2019\/03\/IMAGOTIPO-uRAD-ORIGINAL-by-Anteral.jpg\",\"contentUrl\":\"https:\/\/urad.es\/wp-content\/uploads\/2019\/03\/IMAGOTIPO-uRAD-ORIGINAL-by-Anteral.jpg\",\"width\":3404,\"height\":1776,\"caption\":\"uRAD\"},\"image\":{\"@id\":\"https:\/\/urad.es\/#\/schema\/logo\/image\/\"},\"sameAs\":[\"https:\/\/x.com\/urad_es\",\"https:\/\/www.linkedin.com\/company\/urad-es\/\"]}]}<\/script>\n<!-- \/ Yoast SEO plugin. -->","yoast_head_json":{"title":"PLA Lens for uRAD Industrial - uRAD - Universal Radar","robots":{"index":"index","follow":"follow","max-snippet":"max-snippet:-1","max-image-preview":"max-image-preview:large","max-video-preview":"max-video-preview:-1"},"canonical":"https:\/\/urad.es\/en\/product\/pla-lens-for-urad-industrial\/","og_locale":"en_GB","og_type":"article","og_title":"PLA Lens for uRAD Industrial - uRAD - Universal Radar","og_description":"Lente de PLA para reducir el campo de visi\u00f3n a 10 grados para aplicaciones de sensado de nivel y detecci\u00f3n frontal. M\u00e1s info.","og_url":"https:\/\/urad.es\/en\/product\/pla-lens-for-urad-industrial\/","og_site_name":"uRAD - Universal Radar","article_modified_time":"2021-10-20T11:46:55+00:00","og_image":[{"width":575,"height":575,"url":"https:\/\/urad.es\/wp-content\/uploads\/2021\/05\/lente.png","type":"image\/png"}],"twitter_card":"summary_large_image","twitter_site":"@urad_es","schema":{"@context":"https:\/\/schema.org","@graph":[{"@type":"WebPage","@id":"https:\/\/urad.es\/en\/product\/pla-lens-for-urad-industrial\/","url":"https:\/\/urad.es\/en\/product\/pla-lens-for-urad-industrial\/","name":"PLA Lens for uRAD Industrial - uRAD - Universal Radar","isPartOf":{"@id":"https:\/\/urad.es\/#website"},"primaryImageOfPage":{"@id":"https:\/\/urad.es\/en\/product\/pla-lens-for-urad-industrial\/#primaryimage"},"image":{"@id":"https:\/\/urad.es\/en\/product\/pla-lens-for-urad-industrial\/#primaryimage"},"thumbnailUrl":"https:\/\/urad.es\/wp-content\/uploads\/2021\/05\/lente.png","datePublished":"2021-05-18T15:32:56+00:00","dateModified":"2021-10-20T11:46:55+00:00","breadcrumb":{"@id":"https:\/\/urad.es\/en\/product\/pla-lens-for-urad-industrial\/#breadcrumb"},"inLanguage":"en-GB","potentialAction":[{"@type":"ReadAction","target":["https:\/\/urad.es\/en\/product\/pla-lens-for-urad-industrial\/"]}]},{"@type":"ImageObject","inLanguage":"en-GB","@id":"https:\/\/urad.es\/en\/product\/pla-lens-for-urad-industrial\/#primaryimage","url":"https:\/\/urad.es\/wp-content\/uploads\/2021\/05\/lente.png","contentUrl":"https:\/\/urad.es\/wp-content\/uploads\/2021\/05\/lente.png","width":575,"height":575},{"@type":"BreadcrumbList","@id":"https:\/\/urad.es\/en\/product\/pla-lens-for-urad-industrial\/#breadcrumb","itemListElement":[{"@type":"ListItem","position":1,"name":"Portada","item":"https:\/\/urad.es\/"},{"@type":"ListItem","position":2,"name":"Products","item":"https:\/\/urad.es\/en\/shop\/"},{"@type":"ListItem","position":3,"name":"PLA Lens for uRAD Industrial"}]},{"@type":"WebSite","@id":"https:\/\/urad.es\/#website","url":"https:\/\/urad.es\/","name":"uRAD - Universal Radar","description":"The easiest way to measure velocity, distance and detect presence.","publisher":{"@id":"https:\/\/urad.es\/#organization"},"potentialAction":[{"@type":"SearchAction","target":{"@type":"EntryPoint","urlTemplate":"https:\/\/urad.es\/?s={search_term_string}"},"query-input":{"@type":"PropertyValueSpecification","valueRequired":true,"valueName":"search_term_string"}}],"inLanguage":"en-GB"},{"@type":"Organization","@id":"https:\/\/urad.es\/#organization","name":"uRAD","url":"https:\/\/urad.es\/","logo":{"@type":"ImageObject","inLanguage":"en-GB","@id":"https:\/\/urad.es\/#\/schema\/logo\/image\/","url":"https:\/\/urad.es\/wp-content\/uploads\/2019\/03\/IMAGOTIPO-uRAD-ORIGINAL-by-Anteral.jpg","contentUrl":"https:\/\/urad.es\/wp-content\/uploads\/2019\/03\/IMAGOTIPO-uRAD-ORIGINAL-by-Anteral.jpg","width":3404,"height":1776,"caption":"uRAD"},"image":{"@id":"https:\/\/urad.es\/#\/schema\/logo\/image\/"},"sameAs":["https:\/\/x.com\/urad_es","https:\/\/www.linkedin.com\/company\/urad-es\/"]}]}},"_links":{"self":[{"href":"https:\/\/urad.es\/en\/wp-json\/wp\/v2\/product\/1373","targetHints":{"allow":["GET"]}}],"collection":[{"href":"https:\/\/urad.es\/en\/wp-json\/wp\/v2\/product"}],"about":[{"href":"https:\/\/urad.es\/en\/wp-json\/wp\/v2\/types\/product"}],"wp:featuredmedia":[{"embeddable":true,"href":"https:\/\/urad.es\/en\/wp-json\/wp\/v2\/media\/1374"}],"wp:attachment":[{"href":"https:\/\/urad.es\/en\/wp-json\/wp\/v2\/media?parent=1373"}],"wp:term":[{"taxonomy":"product_cat","embeddable":true,"href":"https:\/\/urad.es\/en\/wp-json\/wp\/v2\/product_cat?post=1373"},{"taxonomy":"product_tag","embeddable":true,"href":"https:\/\/urad.es\/en\/wp-json\/wp\/v2\/product_tag?post=1373"}],"curies":[{"name":"wp","href":"https:\/\/api.w.org\/{rel}","templated":true}]}}