{"id":842,"date":"2021-01-27T10:40:25","date_gmt":"2021-01-27T10:40:25","guid":{"rendered":"http:\/\/urad.es\/?page_id=842"},"modified":"2024-09-03T07:09:17","modified_gmt":"2024-09-03T07:09:17","slug":"demos","status":"publish","type":"page","link":"https:\/\/urad.es\/en\/demos\/","title":{"rendered":"Demos"},"content":{"rendered":"<div class=\"vc_row wpb_row vc_row-fluid introduccion vc_row-o-equal-height vc_row-o-content-top vc_row-flex\"><div class=\"wpb_column vc_column_container vc_col-sm-12 vc_col-md-offset-2 vc_col-md-2 vc_col-xs-12\"><div class=\"vc_column-inner\"><div class=\"wpb_wrapper\">\n\t<div class=\"wpb_text_column wpb_content_element\" >\n\t\t<div class=\"wpb_wrapper\">\n\t\t\t<h2 style=\"text-align: left;\">Demos<\/h2>\n\n\t\t<\/div>\n\t<\/div>\n<\/div><\/div><\/div><div class=\"wpb_column vc_column_container vc_col-sm-12 vc_col-md-6 vc_col-xs-12\"><div class=\"vc_column-inner\"><div class=\"wpb_wrapper\">\n\t<div class=\"wpb_text_column wpb_content_element\" >\n\t\t<div class=\"wpb_wrapper\">\n\t\t\t<p>The following demo videos show some of the applications of radar technology thanks to uRAD. These are just some examples, you can check more use cases in <a href=\"https:\/\/urad.es\/en\/aplicaciones\/\"><strong>Applications<\/strong><\/a>. Contact us to evaluate your own application!<\/p>\n\n\t\t<\/div>\n\t<\/div>\n<\/div><\/div><\/div><\/div><div class=\"container\"><div class=\"vc_row wpb_row vc_row-fluid videos\"><div class=\"wpb_column vc_column_container vc_col-sm-4\"><div class=\"vc_column-inner\"><div class=\"wpb_wrapper\">\n\t<div class=\"wpb_video_widget wpb_content_element vc_clearfix   vc_video-aspect-ratio-169 vc_video-el-width-100 vc_video-align-left\" >\n\t\t<div class=\"wpb_wrapper\">\n\t\t\t\n\t\t\t<div class=\"wpb_video_wrapper\"><iframe loading=\"lazy\" title=\"uRAD - Radar for traffic monitoring\" width=\"1200\" height=\"675\" src=\"https:\/\/www.youtube.com\/embed\/PJj2ZAx_gio?feature=oembed\" frameborder=\"0\" allow=\"accelerometer; autoplay; clipboard-write; encrypted-media; gyroscope; picture-in-picture; web-share\" allowfullscreen><\/iframe><\/div>\n\t\t<\/div>\n\t<\/div>\n\n\t<div class=\"wpb_text_column wpb_content_element\" >\n\t\t<div class=\"wpb_wrapper\">\n\t\t\t<p><strong>Traffic monitoring<\/strong><\/p>\n<p style=\"text-align: justify;\">uRAD Industrial together with the Tracking Software can be used for the counting and classification of vehicles on multi-lane roads, in both directions of traffic, in urban, interurban environments, highways, etc. Along with the count you also get the speed and the type of vehicle.<\/p>\n\n\t\t<\/div>\n\t<\/div>\n<\/div><\/div><\/div><div class=\"wpb_column vc_column_container vc_col-sm-4\"><div class=\"vc_column-inner\"><div class=\"wpb_wrapper\">\n\t<div class=\"wpb_video_widget wpb_content_element vc_clearfix   vc_video-aspect-ratio-169 vc_video-el-width-100 vc_video-align-left\" >\n\t\t<div class=\"wpb_wrapper\">\n\t\t\t\n\t\t\t<div class=\"wpb_video_wrapper\"><iframe loading=\"lazy\" title=\"uRAD people counting and tracking radar\" width=\"1200\" height=\"675\" src=\"https:\/\/www.youtube.com\/embed\/dX2w-E_Vhjw?feature=oembed\" frameborder=\"0\" allow=\"accelerometer; autoplay; clipboard-write; encrypted-media; gyroscope; picture-in-picture; web-share\" allowfullscreen><\/iframe><\/div>\n\t\t<\/div>\n\t<\/div>\n\n\t<div class=\"wpb_text_column wpb_content_element\" >\n\t\t<div class=\"wpb_wrapper\">\n\t\t\t<p><strong>People counting and tracking<\/strong><\/p>\n<p style=\"text-align: justify;\">In this video, uRAD Industrial model is used as a sensor for people counting and tracking. It can be placed on the ceiling or on the wall, outdoors or indoors, with a maximum range of 10-12 meters. Specific software and firmware for this application is included with purchase.<\/p>\n\n\t\t<\/div>\n\t<\/div>\n<\/div><\/div><\/div><div class=\"wpb_column vc_column_container vc_col-sm-4\"><div class=\"vc_column-inner\"><div class=\"wpb_wrapper\">\n\t<div class=\"wpb_video_widget wpb_content_element vc_clearfix   vc_video-aspect-ratio-169 vc_video-el-width-100 vc_video-align-left\" >\n\t\t<div class=\"wpb_wrapper\">\n\t\t\t\n\t\t\t<div class=\"wpb_video_wrapper\"><iframe loading=\"lazy\" title=\"uRAD app - Portable radar with app for mobile phones\" width=\"1200\" height=\"675\" src=\"https:\/\/www.youtube.com\/embed\/2UO8Q9VrLIc?feature=oembed\" frameborder=\"0\" allow=\"accelerometer; autoplay; clipboard-write; encrypted-media; gyroscope; picture-in-picture; web-share\" allowfullscreen><\/iframe><\/div>\n\t\t<\/div>\n\t<\/div>\n\n\t<div class=\"wpb_text_column wpb_content_element\" >\n\t\t<div class=\"wpb_wrapper\">\n\t\t\t<p><strong>Portable radar with mobile app<\/strong><\/p>\n<p style=\"text-align: justify;\">uRAD USB can be used as a portable radar with a mobile phone thanks to the app included with the purchase. Four different modes with standard and advanced settings to measure distance and velocity. Develop your own application using the open source libraries.<\/p>\n\n\t\t<\/div>\n\t<\/div>\n<\/div><\/div><\/div><\/div><\/div><div class=\"container\"><div class=\"vc_row wpb_row vc_row-fluid videos\"><div class=\"wpb_column vc_column_container vc_col-sm-4\"><div class=\"vc_column-inner\"><div class=\"wpb_wrapper\">\n\t<div class=\"wpb_video_widget wpb_content_element vc_clearfix   vc_video-aspect-ratio-169 vc_video-el-width-100 vc_video-align-left\" >\n\t\t<div class=\"wpb_wrapper\">\n\t\t\t\n\t\t\t<div class=\"wpb_video_wrapper\"><iframe loading=\"lazy\" title=\"uRAD altimeter for drones\" width=\"1200\" height=\"675\" src=\"https:\/\/www.youtube.com\/embed\/xZ-qKCH-fKE?feature=oembed\" frameborder=\"0\" allow=\"accelerometer; autoplay; clipboard-write; encrypted-media; gyroscope; picture-in-picture; web-share\" allowfullscreen><\/iframe><\/div>\n\t\t<\/div>\n\t<\/div>\n\n\t<div class=\"wpb_text_column wpb_content_element\" >\n\t\t<div class=\"wpb_wrapper\">\n\t\t\t<p><strong>Altimeter<\/strong><\/p>\n<p>In this video uRAD works as a high accurate altimeter for drones, showing more accurate measurements than the usual altitude measurement methods such as barometers or GPS.<\/p>\n\n\t\t<\/div>\n\t<\/div>\n<\/div><\/div><\/div><div class=\"wpb_column vc_column_container vc_col-sm-4\"><div class=\"vc_column-inner\"><div class=\"wpb_wrapper\">\n\t<div class=\"wpb_video_widget wpb_content_element vc_clearfix   vc_video-aspect-ratio-169 vc_video-el-width-100 vc_video-align-left\" >\n\t\t<div class=\"wpb_wrapper\">\n\t\t\t\n\t\t\t<div class=\"wpb_video_wrapper\"><iframe loading=\"lazy\" title=\"uRAD - Vital signs monitoring\" width=\"1200\" height=\"675\" src=\"https:\/\/www.youtube.com\/embed\/UpbWAI6dlTg?feature=oembed\" frameborder=\"0\" allow=\"accelerometer; autoplay; clipboard-write; encrypted-media; gyroscope; picture-in-picture; web-share\" allowfullscreen><\/iframe><\/div>\n\t\t<\/div>\n\t<\/div>\n\n\t<div class=\"wpb_text_column wpb_content_element\" >\n\t\t<div class=\"wpb_wrapper\">\n\t\t\t<p><strong>Vital signs<\/strong><\/p>\n<p>In the following video, the sensitivity of uRAD is exploited to measure a person's breath rate through chest displacements. Even the heart rate can be extracted with uRAD.<\/p>\n\n\t\t<\/div>\n\t<\/div>\n<\/div><\/div><\/div><div class=\"wpb_column vc_column_container vc_col-sm-4\"><div class=\"vc_column-inner\"><div class=\"wpb_wrapper\">\n\t<div class=\"wpb_video_widget wpb_content_element vc_clearfix   vc_video-aspect-ratio-169 vc_video-el-width-100 vc_video-align-left\" >\n\t\t<div class=\"wpb_wrapper\">\n\t\t\t\n\t\t\t<div class=\"wpb_video_wrapper\"><iframe loading=\"lazy\" title=\"uRAD - Intelligent Detection at Pedestrian Crosswalks\" width=\"1200\" height=\"675\" src=\"https:\/\/www.youtube.com\/embed\/W7icyuTlpMg?feature=oembed\" frameborder=\"0\" allow=\"accelerometer; autoplay; clipboard-write; encrypted-media; gyroscope; picture-in-picture; web-share\" referrerpolicy=\"strict-origin-when-cross-origin\" allowfullscreen><\/iframe><\/div>\n\t\t<\/div>\n\t<\/div>\n\n\t<div class=\"wpb_text_column wpb_content_element\" >\n\t\t<div class=\"wpb_wrapper\">\n\t\t\t<p><strong>Intelligent Pedestrian Crossings<\/strong><\/p>\n<p>In this video, the advanced detection capability of the uRAD Smart Radar Sensor is highlighted, showcasing its ability to identify and analyze pedestrian presence at crosswalks in real-time, thus enhancing road safety.<\/p>\n\n\t\t<\/div>\n\t<\/div>\n<\/div><\/div><\/div><\/div><\/div>","protected":false},"excerpt":{"rendered":"Demos Los siguientes v\u00eddeos de demostraci\u00f3n muestran algunas de las m\u00faltiples aplicaciones para las que se puede utilizar la tecnolog\u00eda radar gracias a uRAD. Esto son solo algunos ejemplos, puedes consultar m\u00e1s casos de uso en nuestra p\u00e1gina de Aplicaciones. \u00a1Cont\u00e1ctanos para evaluar tu propia aplicaci\u00f3n! Monitorizaci\u00f3n de tr\u00e1fico uRAD Industrial junto con el Software de Tracking se puede utilizar...","protected":false},"author":1,"featured_media":0,"parent":0,"menu_order":0,"comment_status":"closed","ping_status":"closed","template":"page-full-width-padding.php","meta":{"inline_featured_image":false,"footnotes":""},"class_list":["post-842","page","type-page","status-publish","hentry"],"yoast_head":"<!-- This site is optimized with the Yoast SEO plugin v26.9 - https:\/\/yoast.com\/product\/yoast-seo-wordpress\/ -->\n<title>Demos aplicaciones radar - uRAD - Universal Radar<\/title>\n<meta name=\"description\" content=\"Descubre algunas de las muchas aplicaciones de la la tecnolog\u00eda radar en estas demos de uRAD \u00a1Cont\u00e1ctanos para evaluar tu caso concreto!\" \/>\n<meta name=\"robots\" content=\"index, follow, max-snippet:-1, max-image-preview:large, max-video-preview:-1\" \/>\n<link rel=\"canonical\" href=\"https:\/\/urad.es\/en\/demos\/\" \/>\n<meta property=\"og:locale\" content=\"en_GB\" \/>\n<meta property=\"og:type\" content=\"article\" \/>\n<meta property=\"og:title\" content=\"Demos aplicaciones radar - uRAD - Universal Radar\" \/>\n<meta property=\"og:description\" content=\"Descubre algunas de las muchas aplicaciones de la la tecnolog\u00eda radar en estas demos de uRAD \u00a1Cont\u00e1ctanos para evaluar tu caso concreto!\" \/>\n<meta property=\"og:url\" content=\"https:\/\/urad.es\/en\/demos\/\" \/>\n<meta property=\"og:site_name\" content=\"uRAD - Universal Radar\" \/>\n<meta property=\"article:modified_time\" content=\"2024-09-03T07:09:17+00:00\" \/>\n<meta name=\"twitter:card\" content=\"summary_large_image\" \/>\n<meta name=\"twitter:site\" content=\"@urad_es\" \/>\n<meta name=\"twitter:label1\" content=\"Estimated reading time\" \/>\n\t<meta name=\"twitter:data1\" content=\"2 minutes\" \/>\n<script type=\"application\/ld+json\" class=\"yoast-schema-graph\">{\"@context\":\"https:\/\/schema.org\",\"@graph\":[{\"@type\":\"WebPage\",\"@id\":\"https:\/\/urad.es\/en\/demos\/\",\"url\":\"https:\/\/urad.es\/en\/demos\/\",\"name\":\"Demos aplicaciones radar - uRAD - Universal Radar\",\"isPartOf\":{\"@id\":\"https:\/\/urad.es\/en\/#website\"},\"datePublished\":\"2021-01-27T10:40:25+00:00\",\"dateModified\":\"2024-09-03T07:09:17+00:00\",\"description\":\"Descubre algunas de las muchas aplicaciones de la la tecnolog\u00eda radar en estas demos de uRAD \u00a1Cont\u00e1ctanos para evaluar tu caso concreto!\",\"breadcrumb\":{\"@id\":\"https:\/\/urad.es\/en\/demos\/#breadcrumb\"},\"inLanguage\":\"en-GB\",\"potentialAction\":[{\"@type\":\"ReadAction\",\"target\":[\"https:\/\/urad.es\/en\/demos\/\"]}]},{\"@type\":\"BreadcrumbList\",\"@id\":\"https:\/\/urad.es\/en\/demos\/#breadcrumb\",\"itemListElement\":[{\"@type\":\"ListItem\",\"position\":1,\"name\":\"Portada\",\"item\":\"https:\/\/urad.es\/en\/\"},{\"@type\":\"ListItem\",\"position\":2,\"name\":\"Demos\"}]},{\"@type\":\"WebSite\",\"@id\":\"https:\/\/urad.es\/en\/#website\",\"url\":\"https:\/\/urad.es\/en\/\",\"name\":\"uRAD - Universal Radar\",\"description\":\"La forma m\u00e1s sencilla de medir velocidad, distancia y presencia.\",\"publisher\":{\"@id\":\"https:\/\/urad.es\/en\/#organization\"},\"potentialAction\":[{\"@type\":\"SearchAction\",\"target\":{\"@type\":\"EntryPoint\",\"urlTemplate\":\"https:\/\/urad.es\/en\/?s={search_term_string}\"},\"query-input\":{\"@type\":\"PropertyValueSpecification\",\"valueRequired\":true,\"valueName\":\"search_term_string\"}}],\"inLanguage\":\"en-GB\"},{\"@type\":\"Organization\",\"@id\":\"https:\/\/urad.es\/en\/#organization\",\"name\":\"uRAD\",\"url\":\"https:\/\/urad.es\/en\/\",\"logo\":{\"@type\":\"ImageObject\",\"inLanguage\":\"en-GB\",\"@id\":\"https:\/\/urad.es\/en\/#\/schema\/logo\/image\/\",\"url\":\"https:\/\/urad.es\/wp-content\/uploads\/2019\/03\/IMAGOTIPO-uRAD-ORIGINAL-by-Anteral.jpg\",\"contentUrl\":\"https:\/\/urad.es\/wp-content\/uploads\/2019\/03\/IMAGOTIPO-uRAD-ORIGINAL-by-Anteral.jpg\",\"width\":3404,\"height\":1776,\"caption\":\"uRAD\"},\"image\":{\"@id\":\"https:\/\/urad.es\/en\/#\/schema\/logo\/image\/\"},\"sameAs\":[\"https:\/\/x.com\/urad_es\",\"https:\/\/www.linkedin.com\/company\/urad-es\/\"]}]}<\/script>\n<!-- \/ Yoast SEO plugin. -->","yoast_head_json":{"title":"Radar Applications Demos - uRAD - Universal Radar","description":"Discover some of the applications of radar technology with this demo videos. Contact us to evaluate your specific case!","robots":{"index":"index","follow":"follow","max-snippet":"max-snippet:-1","max-image-preview":"max-image-preview:large","max-video-preview":"max-video-preview:-1"},"canonical":"https:\/\/urad.es\/en\/demos\/","og_locale":"en_GB","og_type":"article","og_title":"Demos aplicaciones radar - uRAD - Universal Radar","og_description":"Descubre algunas de las muchas aplicaciones de la la tecnolog\u00eda radar en estas demos de uRAD \u00a1Cont\u00e1ctanos para evaluar tu caso concreto!","og_url":"https:\/\/urad.es\/en\/demos\/","og_site_name":"uRAD - Universal Radar","article_modified_time":"2024-09-03T07:09:17+00:00","twitter_card":"summary_large_image","twitter_site":"@urad_es","twitter_misc":{"Estimated reading time":"2 minutes"},"schema":{"@context":"https:\/\/schema.org","@graph":[{"@type":"WebPage","@id":"https:\/\/urad.es\/en\/demos\/","url":"https:\/\/urad.es\/en\/demos\/","name":"Radar Applications Demos - uRAD - Universal Radar","isPartOf":{"@id":"https:\/\/urad.es\/en\/#website"},"datePublished":"2021-01-27T10:40:25+00:00","dateModified":"2024-09-03T07:09:17+00:00","description":"Discover some of the applications of radar technology with this demo videos. Contact us to evaluate your specific case!","breadcrumb":{"@id":"https:\/\/urad.es\/en\/demos\/#breadcrumb"},"inLanguage":"en-GB","potentialAction":[{"@type":"ReadAction","target":["https:\/\/urad.es\/en\/demos\/"]}]},{"@type":"BreadcrumbList","@id":"https:\/\/urad.es\/en\/demos\/#breadcrumb","itemListElement":[{"@type":"ListItem","position":1,"name":"Portada","item":"https:\/\/urad.es\/en\/"},{"@type":"ListItem","position":2,"name":"Demos"}]},{"@type":"WebSite","@id":"https:\/\/urad.es\/en\/#website","url":"https:\/\/urad.es\/en\/","name":"uRAD - Universal Radar","description":"The easiest way to measure velocity, distance and detect presence.","publisher":{"@id":"https:\/\/urad.es\/en\/#organization"},"potentialAction":[{"@type":"SearchAction","target":{"@type":"EntryPoint","urlTemplate":"https:\/\/urad.es\/en\/?s={search_term_string}"},"query-input":{"@type":"PropertyValueSpecification","valueRequired":true,"valueName":"search_term_string"}}],"inLanguage":"en-GB"},{"@type":"Organization","@id":"https:\/\/urad.es\/en\/#organization","name":"uRAD","url":"https:\/\/urad.es\/en\/","logo":{"@type":"ImageObject","inLanguage":"en-GB","@id":"https:\/\/urad.es\/en\/#\/schema\/logo\/image\/","url":"https:\/\/urad.es\/wp-content\/uploads\/2019\/03\/IMAGOTIPO-uRAD-ORIGINAL-by-Anteral.jpg","contentUrl":"https:\/\/urad.es\/wp-content\/uploads\/2019\/03\/IMAGOTIPO-uRAD-ORIGINAL-by-Anteral.jpg","width":3404,"height":1776,"caption":"uRAD"},"image":{"@id":"https:\/\/urad.es\/en\/#\/schema\/logo\/image\/"},"sameAs":["https:\/\/x.com\/urad_es","https:\/\/www.linkedin.com\/company\/urad-es\/"]}]}},"_links":{"self":[{"href":"https:\/\/urad.es\/en\/wp-json\/wp\/v2\/pages\/842","targetHints":{"allow":["GET"]}}],"collection":[{"href":"https:\/\/urad.es\/en\/wp-json\/wp\/v2\/pages"}],"about":[{"href":"https:\/\/urad.es\/en\/wp-json\/wp\/v2\/types\/page"}],"author":[{"embeddable":true,"href":"https:\/\/urad.es\/en\/wp-json\/wp\/v2\/users\/1"}],"replies":[{"embeddable":true,"href":"https:\/\/urad.es\/en\/wp-json\/wp\/v2\/comments?post=842"}],"version-history":[{"count":31,"href":"https:\/\/urad.es\/en\/wp-json\/wp\/v2\/pages\/842\/revisions"}],"predecessor-version":[{"id":3120,"href":"https:\/\/urad.es\/en\/wp-json\/wp\/v2\/pages\/842\/revisions\/3120"}],"wp:attachment":[{"href":"https:\/\/urad.es\/en\/wp-json\/wp\/v2\/media?parent=842"}],"curies":[{"name":"wp","href":"https:\/\/api.w.org\/{rel}","templated":true}]}}