{"id":841,"date":"2021-01-27T10:40:21","date_gmt":"2021-01-27T10:40:21","guid":{"rendered":"http:\/\/urad.es\/?page_id=841"},"modified":"2025-11-14T10:41:09","modified_gmt":"2025-11-14T10:41:09","slug":"descargas","status":"publish","type":"page","link":"https:\/\/urad.es\/en\/descargas\/","title":{"rendered":"Downloads"},"content":{"rendered":"<div class=\"vc_row wpb_row vc_row-fluid introduccion vc_row-o-equal-height vc_row-o-content-middle vc_row-flex\"><div class=\"wpb_column vc_column_container vc_col-sm-12 vc_col-md-offset-2 vc_col-md-2 vc_col-xs-12\"><div class=\"vc_column-inner\"><div class=\"wpb_wrapper\">\n\t<div class=\"wpb_text_column wpb_content_element\" >\n\t\t<div class=\"wpb_wrapper\">\n\t\t\t<h2 style=\"text-align: left;\">Downloads<\/h2>\n\n\t\t<\/div>\n\t<\/div>\n<\/div><\/div><\/div><div class=\"wpb_column vc_column_container vc_col-sm-12 vc_col-md-6 vc_col-xs-12\"><div class=\"vc_column-inner\"><div class=\"wpb_wrapper\">\n\t<div class=\"wpb_text_column wpb_content_element\" >\n\t\t<div class=\"wpb_wrapper\">\n\t\t\t<p style=\"text-align: left;\">Here you can download all the information, manuals and datasheets of our uRAD radar products catalog.<\/p>\n\n\t\t<\/div>\n\t<\/div>\n<\/div><\/div><\/div><\/div><div class=\"container\"><div class=\"vc_row wpb_row vc_row-fluid margen_debajo\"><div class=\"wpb_column vc_column_container vc_col-sm-12\"><div class=\"vc_column-inner\"><div class=\"wpb_wrapper\">\n\t<div class=\"wpb_tour wpb_content_element\" data-interval=\"0\">\n\t\t<div class=\"wpb_wrapper wpb_tour_tabs_wrapper ui-tabs vc_clearfix\">\n\t\t\t<ul class=\"wpb_tabs_nav ui-tabs-nav vc_clearfix\"><li><a href=\"#tab-1612868718443-5-10\">Product catalog<\/a><\/li><li><a href=\"#tab-1612868704901-4-9\">Technical articles<\/a><\/li><li><a href=\"#tab-1763048877602-16-3\">uRAD Raspberry Pi<\/a><\/li><li><a href=\"#tab-1763042133568-12-8\">uRAD USB<\/a><\/li><li><a href=\"#tab-1763041230550-11-1\">uRAD Arduino<\/a><\/li><li><a href=\"#tab-1763042365720-13-8\">uRAD Industrial<\/a><\/li><li><a href=\"#tab-1763045833969-14-0\">uRAD Automotive<\/a><\/li><li><a href=\"#tab-1763048691714-15-1\">uRAD Automotive HPA<\/a><\/li><li><a href=\"#tab-1763050415906-17-5\">uRAD Level Sensing<\/a><\/li><li><a href=\"#tab-1763041124846-10-7\">uRAD Smart Traffic Compact<\/a><\/li><li><a href=\"#tab-1763037437756-6-4\">uRAD Speed Doppler<\/a><\/li><li><a href=\"#tab-1763038826733-7-10\">uRAD Touch Wall<\/a><\/li><li><a href=\"#tab-1763039003154-8-5\">uRAD Smart Radar Sensor<\/a><\/li><li><a href=\"#tab-1763040955888-9-0\">uRAD Smart Traffic RPi<\/a><\/li><\/ul>\n\t<div id=\"tab-1612868718443-5-10\" class=\"wpb_tab ui-tabs-panel wpb_ui-tabs-hide vc_clearfix\">\n\t\t\n\t<div class=\"wpb_text_column wpb_content_element\" >\n\t\t<div class=\"wpb_wrapper\">\n\t\t\t<div class=\"translation-block\"><p><a href=\"\/wp-content\/descargables\/uRAD - Brochure - Standard Product Portfolio - EN.pdf\" target=\"_blank\" rel=\"noopener\">Standard Product Portfolio<\/a><\/p><\/div>\n<div class=\"info\">Product catalog<\/div>\n<div class=\"translation-block\">\n<p><a href=\"\/en\/wp-content\/descargables\/uRAD - Brochure - Smart Traffic Solutions - EN.pdf.pdf\/\" target=\"_blank\" rel=\"noopener\">Smart Traffic Solutions Portfolio<\/a><\/p>\n<\/div>\n<div class=\"info\">Product catalog<\/div>\n\n\t\t<\/div>\n\t<\/div>\n\n\t<\/div>\n\n\t<div id=\"tab-1612868704901-4-9\" class=\"wpb_tab ui-tabs-panel wpb_ui-tabs-hide vc_clearfix\">\n\t\t\n\t<div class=\"wpb_text_column wpb_content_element\" >\n\t\t<div class=\"wpb_wrapper\">\n\t\t\t<div class=\"translation-block\">\n<p><a href=\"\/wp-content\/descargables\/uRAD - 24 GHz white paper - EN.pdf\" target=\"_blank\" rel=\"noopener\">24 GHz white paper<\/a><\/p>\n<\/div>\n<div class=\"info\">Technical article<\/div>\n<div class=\"translation-block\">\n<p><a href=\"\/wp-content\/descargables\/uRAD - mmWave radar vs other sensors - EN.pdf\" target=\"_blank\" rel=\"noopener\">mmWave radar vs other sensors<\/a><\/p>\n<\/div>\n<div class=\"info\">Technical article<\/div>\n<div class=\"translation-block\">\n<p><a href=\"\/wp-content\/descargables\/uRAD - Device regulatory compliance - EN.pdf\" target=\"_blank\" rel=\"noopener\">Device regulatory compliance<\/a><\/p>\n<\/div>\n<div class=\"info\">Technical article<\/div>\n\n\t\t<\/div>\n\t<\/div>\n\n\t<\/div>\n\n\t<div id=\"tab-1763048877602-16-3\" class=\"wpb_tab ui-tabs-panel wpb_ui-tabs-hide vc_clearfix\">\n\t\t\n\t<div class=\"wpb_text_column wpb_content_element\" >\n\t\t<div class=\"wpb_wrapper\">\n\t\t\t<div class=\"translation-block\"><p><a href=\"\/wp-content\/descargables\/uRAD - Datasheet - RaspberryPi v1.2 - EN.pdf\" target=\"_blank\" rel=\"noopener\">uRAD Raspberry Pi v1.2 \u2013 Datasheet<\/a><\/p><\/div>\n<div class=\"info\">Datasheet<\/div>\n<div class=\"translation-block\"><p><a href=\"\/wp-content\/descargables\/uRAD - User Manual SDK1.1 - RaspberryPi - EN.pdf\" target=\"_blank\" rel=\"noopener\">uRAD Raspberry Pi v1.1 \u2013 User Manual<\/a><\/p><\/div>\n<div class=\"info\">User manual<\/div>\n<div class=\"translation-block\">\n<p><a href=\"\/wp-content\/descargables\/uRAD_RaspberryPi_SDK11.zip\" target=\"_blank\" rel=\"noopener\">uRAD Raspberry Pi SDK 1.1<\/a><\/p>\n<\/div>\n<div class=\"info\">SDK<\/div>\n<div class=\"translation-block\">\n<p><a href=\"\/wp-content\/descargables\/uRAD_RaspberryPi_SDK10.zip\" target=\"_blank\" rel=\"noopener\">uRAD Raspberry Pi SDK 1.0<\/a><\/p>\n<\/div>\n<div class=\"info\">SDK<\/div>\n<div class=\"translation-block\">\n<p><a href=\"\/wp-content\/descargables\/uRAD - Application Notes - Speed Enforcement - EN.pdf\" target=\"_blank\" rel=\"noopener\">Speed Enforcement<\/a><\/p>\n<\/div>\n<div class=\"info\">Application note<\/div>\n\n\t\t<\/div>\n\t<\/div>\n\n\t<\/div>\n\n\t<div id=\"tab-1763042133568-12-8\" class=\"wpb_tab ui-tabs-panel wpb_ui-tabs-hide vc_clearfix\">\n\t\t\n\t<div class=\"wpb_text_column wpb_content_element\" >\n\t\t<div class=\"wpb_wrapper\">\n\t\t\t<div class=\"translation-block\"><p><a href=\"\/wp-content\/descargables\/uRAD - Datasheet - USB v1.2 - EN.pdf\" target=\"_blank\" rel=\"noopener\">uRAD USB \u2013 Datasheet<\/a><\/p><\/div>\n<div class=\"info\">Datasheet<\/div>\n<div class=\"translation-block\"><p><a href=\"\/wp-content\/descargables\/uRAD - User Manual SDK1.1 - USB - EN.pdf\" target=\"_blank\" rel=\"noopener\">uRAD USB \u2013 User Manual<\/a><\/p><\/div>\n<div class=\"info\">User manual<\/div>\n<div class=\"translation-block\">\n<p><a href=\"\/wp-content\/descargables\/uRAD_USB_SDK11.zip\" target=\"_blank\" rel=\"noopener\">uRAD USB SDK 1.1<\/a><\/p>\n<\/div>\n<div class=\"info\">SDK<\/div>\n<div class=\"translation-block\">\n<p><a href=\"\/wp-content\/descargables\/uRAD - Application Notes - Android Application uRAD USB - EN.pdf\" target=\"_blank\" rel=\"noopener\">Android Application for mobile phones<\/a><\/p>\n<\/div>\n<div class=\"info\">Application note<\/div>\n<div class=\"translation-block\">\n<p><a href=\"\/wp-content\/descargables\/uRAD - Application Notes - Speed Enforcement - EN.pdf\" target=\"_blank\" rel=\"noopener\">Speed Enforcement<\/a><\/p>\n<\/div>\n<div class=\"info\">Application note<\/div>\n\n\t\t<\/div>\n\t<\/div>\n\n\t<\/div>\n\n\t<div id=\"tab-1763041230550-11-1\" class=\"wpb_tab ui-tabs-panel wpb_ui-tabs-hide vc_clearfix\">\n\t\t\n\t<div class=\"wpb_text_column wpb_content_element\" >\n\t\t<div class=\"wpb_wrapper\">\n\t\t\t<div class=\"translation-block\"><p><a href=\"\/wp-content\/descargables\/uRAD - Datasheet - Arduino v1.2 - EN.pdf\" target=\"_blank\" rel=\"noopener\">uRAD Arduino v1.2 \u2013 Datasheet<\/a><\/p><\/div>\n<div class=\"info\">Datasheet<\/div>\n<div class=\"translation-block\"><p><a href=\"\/wp-content\/descargables\/uRAD - User Manual SDK1.1 - Arduino - EN.pdf\" target=\"_blank\" rel=\"noopener\">uRAD Arduino v1.2 \u2013 User Manual<\/a><\/p><\/div>\n<div class=\"info\">User manual<\/div>\n<div class=\"translation-block\">\n<p><a href=\"\/wp-content\/descargables\/uRAD_Arduino_SDK10.zip\" target=\"_blank\" rel=\"noopener\">uRAD Arduino SDK 1.0<\/a><\/p>\n<\/div>\n<div class=\"info\">SDK<\/div>\n<div class=\"translation-block\">\n<p><a href=\"\/wp-content\/descargables\/uRAD_Arduino_SDK11.zip\" target=\"_blank\" rel=\"noopener\">uRAD Arduino SDK 1.1<\/a><\/p>\n<\/div>\n<div class=\"info\">SDK<\/div>\n<div class=\"translation-block\">\n<p><a href=\"\/wp-content\/descargables\/uRAD - Application Notes - Speed Enforcement - EN.pdf\" target=\"_blank\" rel=\"noopener\">Speed Enforcement<\/a><\/p>\n<\/div>\n<div class=\"info\">Application note<\/div>\n\n\t\t<\/div>\n\t<\/div>\n\n\t<\/div>\n\n\t<div id=\"tab-1763042365720-13-8\" class=\"wpb_tab ui-tabs-panel wpb_ui-tabs-hide vc_clearfix\">\n\t\t\n\t<div class=\"wpb_text_column wpb_content_element\" >\n\t\t<div class=\"wpb_wrapper\">\n\t\t\t<div class=\"translation-block\"><p><a href=\"\/wp-content\/descargables\/uRAD - Datasheet - Industrial v2.0 - EN.pdf\" target=\"_blank\" rel=\"noopener\">uRAD Industrial v2.0 \u2013 Datasheet<\/a><\/p><\/div>\n<div class=\"info\">Datasheet<\/div>\n<div class=\"translation-block\"><p><a href=\"\/wp-content\/descargables\/uRAD - User Manual - Industrial - EN.pdf\" target=\"_blank\" rel=\"noopener\">uRAD Industrial v2.0 \u2013 User Manual<\/a><\/p><\/div>\n<div class=\"info\">User manual<\/div>\n<div class=\"translation-block\">\n<p><a href=\"\/wp-content\/descargables\/uRAD_Industrial_SDK.zip\" target=\"_blank\" rel=\"noopener\">uRAD Industrial v2.0 SDK<\/a><\/p>\n<\/div>\n<div class=\"info\">SDK<\/div>\n<div class=\"translation-block\"><p><a href=\"\/wp-content\/descargables\/uRAD - Application Notes - Vehicle Counting - EN.pdf\" target=\"_blank\" rel=\"noopener\">Vehicle counting<\/a><\/p><\/div>\n<div class=\"info\">Application note<\/div>\n<div class=\"translation-block\">\n<p><a href=\"\/wp-content\/descargables\/uRAD - AWR IWR PCB adapter for RaspberryPi - EN.pdf\" target=\"_blank\" rel=\"noopener\">AWR &amp; IWR adapter PCB for Raspberry Pi<\/a><\/p>\n<\/div>\n<div class=\"info\">Datasheet<\/div>\n\n\t\t<\/div>\n\t<\/div>\n\n\t<\/div>\n\n\t<div id=\"tab-1763045833969-14-0\" class=\"wpb_tab ui-tabs-panel wpb_ui-tabs-hide vc_clearfix\">\n\t\t\n\t<div class=\"wpb_text_column wpb_content_element\" >\n\t\t<div class=\"wpb_wrapper\">\n\t\t\t<div class=\"translation-block\"><p><a href=\"\/wp-content\/descargables\/uRAD - Datasheet - Automotive v2.0 - EN.pdf\" target=\"_blank\" rel=\"noopener\">uRAD Automotive v2.0 \u2013 Datasheet<\/a><\/p><\/div>\n<div class=\"info\">Datasheet<\/div>\n<div class=\"translation-block\"><p><a href=\"\/wp-content\/descargables\/uRAD - User Manual - Automotive - EN.pdf\" target=\"_blank\" rel=\"noopener\">uRAD Automotive v2.0 \u2013 User Manual<\/a><\/p><\/div>\n<div class=\"info\">User manual<\/div>\n<div class=\"translation-block\">\n<p><a href=\"\/wp-content\/descargables\/uRAD_Automotive_SDK.zip\" target=\"_blank\" rel=\"noopener\">uRAD Automotive v2.0 SDK<\/a><\/p>\n<\/div>\n<div class=\"info\">SDK<\/div>\n<div class=\"translation-block\">\n<p><a href=\"\/wp-content\/descargables\/uRAD - AWR IWR PCB adapter for RaspberryPi - EN.pdf\" target=\"_blank\" rel=\"noopener\">AWR &amp; IWR adapter PCB for Raspberry Pi<\/a><\/p>\n<\/div>\n<div class=\"info\">Datasheet<\/div>\n\n\t\t<\/div>\n\t<\/div>\n\n\t<\/div>\n\n\t<div id=\"tab-1763048691714-15-1\" class=\"wpb_tab ui-tabs-panel wpb_ui-tabs-hide vc_clearfix\">\n\t\t\n\t<div class=\"wpb_text_column wpb_content_element\" >\n\t\t<div class=\"wpb_wrapper\">\n\t\t\t<div class=\"translation-block\"><p><a href=\"\/wp-content\/descargables\/uRAD - Datasheet - Automotive HPA v2.0 - EN.pdf\" target=\"_blank\" rel=\"noopener\">uRAD Automotive HPA v2.0 \u2013 Datasheet<\/a><\/p><\/div>\n<div class=\"info\">Datasheet<\/div>\n<div class=\"translation-block\"><p><a href=\"\/wp-content\/descargables\/uRAD - User Manual - Automotive HPA - EN.pdf\" target=\"_blank\" rel=\"noopener\">uRAD Automotive HPA v2.0 \u2013 User Manual<\/a><\/p><\/div>\n<div class=\"info\">User manual<\/div>\n<div class=\"translation-block\">\n<p><a href=\"\/wp-content\/descargables\/uRAD_Automotive_HPA_SDK.zip\" target=\"_blank\" rel=\"noopener\">uRAD Automotive HPA v2.0 SDK<\/a><\/p>\n<\/div>\n<div class=\"info\">SDK<\/div>\n<div class=\"translation-block\">\n<p><a href=\"\/wp-content\/descargables\/uRAD - Application Notes - Short Range Radar - EN.pdf\" target=\"_blank\" rel=\"noopener\">Short range radar<\/a><\/p>\n<\/div>\n<div class=\"info\">Application note<\/div>\n<div class=\"translation-block\">\n<p><a href=\"\/wp-content\/descargables\/uRAD - AWR-HPA adapter for RaspberryPi - EN.pdf\" target=\"_blank\" rel=\"noopener\">AWR-HPA adapter PCB for Raspberry Pi<\/a><\/p>\n<\/div>\n<div class=\"info\">Datasheet<\/div>\n\n\t\t<\/div>\n\t<\/div>\n\n\t<\/div>\n\n\t<div id=\"tab-1763050415906-17-5\" class=\"wpb_tab ui-tabs-panel wpb_ui-tabs-hide vc_clearfix\">\n\t\t\n\t<div class=\"wpb_text_column wpb_content_element\" >\n\t\t<div class=\"wpb_wrapper\">\n\t\t\t<div class=\"translation-block\"><p><a href=\"\/wp-content\/descargables\/uRAD - Datasheet - Level Sensing - EN.pdf\" target=\"_blank\" rel=\"noopener\">uRAD Level Sensing \u2013 Datasheet<\/a><\/p><\/div>\n<div class=\"info\">Datasheet<\/div>\n<div class=\"translation-block\"><p><a href=\"\/wp-content\/descargables\/uRAD - User Manual - Level Sensing - EN.pdf\" target=\"_blank\" rel=\"noopener\">uRAD Level Sensing \u2013 User Manual<\/a><\/p><\/div>\n<div class=\"info\">User manual<\/div>\n<div class=\"translation-block\">\n<p><a href=\"\/wp-content\/descargables\/uRAD_Level_Sensing_SDK.zip\" target=\"_blank\" rel=\"noopener\">uRAD Level Sensing SDK<\/a><\/p>\n<\/div>\n<div class=\"info\">SDK<\/div>\n<div class=\"translation-block\">\n<p><a href=\"\/wp-content\/descargables\/uRAD - Application Notes - Level Sensing - EN.pdf\" target=\"_blank\" rel=\"noopener\">Level sensing<\/a><\/p>\n<\/div>\n<div class=\"info\">Application note<\/div>\n\n\t\t<\/div>\n\t<\/div>\n\n\t<\/div>\n\n\t<div id=\"tab-1763041124846-10-7\" class=\"wpb_tab ui-tabs-panel wpb_ui-tabs-hide vc_clearfix\">\n\t\t\n\t<div class=\"wpb_text_column wpb_content_element\" >\n\t\t<div class=\"wpb_wrapper\">\n\t\t\t<div class=\"translation-block\"><p><a href=\"\/wp-content\/descargables\/uRAD - Datasheet - Smart Traffic Compact - EN.pdf\" target=\"_blank\" rel=\"noopener\">uRAD Smart Traffic Compact \u2013 Datasheet<\/a><\/p><\/div>\n<div class=\"info\">Datasheet<\/div>\n<div class=\"translation-block\"><p><a href=\"\/wp-content\/descargables\/uRAD - User Manual - Smart Traffic Compact - Vehicle Counting - EN.pdf\" target=\"_blank\" rel=\"noopener\">uRAD Smart Traffic Compact \u2013 User Manual<\/a><\/p><\/div>\n<div class=\"info\">User manual<\/div>\n\n\t\t<\/div>\n\t<\/div>\n\n\t<\/div>\n\n\t<div id=\"tab-1763037437756-6-4\" class=\"wpb_tab ui-tabs-panel wpb_ui-tabs-hide vc_clearfix\">\n\t\t\n\t<div class=\"wpb_text_column wpb_content_element\" >\n\t\t<div class=\"wpb_wrapper\">\n\t\t\t<div class=\"translation-block\"><p><a href=\"\/wp-content\/descargables\/uRAD - Datasheet - Doppler v1.0 - EN.pdf\" target=\"_blank\" rel=\"noopener\">uRAD Doppler v1.0 \u2013 Datasheet<\/a><\/p><\/div>\n<div class=\"info\">Datasheet<\/div>\n<div class=\"translation-block\"><p><a href=\"\/wp-content\/descargables\/uRAD - User Manual - Doppler v1.0 - EN.pdf\" target=\"_blank\" rel=\"noopener\">uRAD Doppler v1.0 \u2013 User Manual<\/a><\/p><\/div>\n<div class=\"info\">User manual<\/div>\n\n\t\t<\/div>\n\t<\/div>\n\n\t<\/div>\n\n\t<div id=\"tab-1763038826733-7-10\" class=\"wpb_tab ui-tabs-panel wpb_ui-tabs-hide vc_clearfix\">\n\t\t\n\t<div class=\"wpb_text_column wpb_content_element\" >\n\t\t<div class=\"wpb_wrapper\">\n\t\t\t<div class=\"translation-block\"><p><a href=\"\/wp-content\/descargables\/uRAD - Datasheet - Touch Wall - EN.pdf\" target=\"_blank\" rel=\"noopener\">uRAD Touch Wall \u2013 Datasheet<\/a><\/p><\/div>\n<div class=\"info\">Datasheet<\/div>\n<div class=\"translation-block\"><p><a href=\"\/wp-content\/descargables\/uRAD - User Manual - Touch Wall - EN.pdf\" target=\"_blank\" rel=\"noopener\">uRAD Touch Wall \u2013 User Manual<\/a><\/p><\/div>\n<div class=\"info\">User manual<\/div>\n\n\t\t<\/div>\n\t<\/div>\n\n\t<\/div>\n\n\t<div id=\"tab-1763039003154-8-5\" class=\"wpb_tab ui-tabs-panel wpb_ui-tabs-hide vc_clearfix\">\n\t\t\n\t<div class=\"wpb_text_column wpb_content_element\" >\n\t\t<div class=\"wpb_wrapper\">\n\t\t\t<div class=\"translation-block\"><p><a href=\"\/wp-content\/descargables\/uRAD - Datasheet - Smart Radar Sensor - EN.pdf\" target=\"_blank\" rel=\"noopener\">uRAD Smart Radar Sensor \u2013 Datasheet<\/a><\/p><\/div>\n<div class=\"info\">Datasheet<\/div>\n<div class=\"translation-block\"><p><a href=\"\/wp-content\/descargables\/uRAD - User Manual - Smart Radar Sensor - Velocity Distance - EN.pdf\" target=\"_blank\" rel=\"noopener\">uRAD Smart Radar Sensor \u2013 User Manual<\/a><\/p><\/div>\n<div class=\"info\">User manual<\/div>\n<div class=\"translation-block\"><p><a href=\"\/wp-content\/descargables\/uRAD - Datasheet - Smart Radar Sensor Lite - EN.pdf\" target=\"_blank\" rel=\"noopener\">uRAD Smart Radar Sensor Lite \u2013 Datasheet<\/a><\/p><\/div>\n<div class=\"info\">Datasheet<\/div>\n<div class=\"translation-block\"><p><a href=\"\/wp-content\/descargables\/uRAD - User Manual - Smart Radar Sensor Lite - Velocity Distance - EN.pdf\" target=\"_blank\" rel=\"noopener\">uRAD Smart Radar Sensor Lite \u2013 User Manual<\/a><\/p><\/div>\n<div class=\"info\">User manual<\/div>\n\n\t\t<\/div>\n\t<\/div>\n\n\t<\/div>\n\n\t<div id=\"tab-1763040955888-9-0\" class=\"wpb_tab ui-tabs-panel wpb_ui-tabs-hide vc_clearfix\">\n\t\t\n\t<div class=\"wpb_text_column wpb_content_element\" >\n\t\t<div class=\"wpb_wrapper\">\n\t\t\t<div class=\"translation-block\"><p><a href=\"\/wp-content\/descargables\/uRAD - Datasheet - Smart Traffic RPi - EN.pdf\" target=\"_blank\" rel=\"noopener\">uRAD Smart Traffic RPi \u2013 Datasheet<\/a><\/p><\/div>\n<div class=\"info\">Datasheet<\/div>\n<div class=\"translation-block\"><p><a href=\"\/wp-content\/descargables\/uRAD - User Manual - Smart Traffic RPi - EN.pdf\" target=\"_blank\" rel=\"noopener\">uRAD Smart Traffic RPi \u2013 User Manual<\/a><\/p><\/div>\n<div class=\"info\">User manual<\/div>\n<div class=\"translation-block\"><p><a href=\"\/wp-content\/descargables\/uRAD - Datasheet - Smart Traffic RPi B - EN.pdf\" target=\"_blank\" rel=\"noopener\">uRAD Smart Traffic RPi B \u2013 Datasheet<\/a><\/p><\/div>\n<div class=\"info\">Datasheet<\/div>\n<div class=\"translation-block\"><p><a href=\"\/wp-content\/descargables\/uRAD - User Manual - Smart Traffic RPi B - EN.pdf\" target=\"_blank\" rel=\"noopener\">uRAD Smart Traffic RPi B \u2013 User Manual<\/a><\/p><\/div>\n<div class=\"info\">User manual<\/div>\n<div class=\"translation-block\"><p><a href=\"\/wp-content\/descargables\/uRAD - Tracking Software - General info - EN.pdf\" target=\"_blank\" rel=\"noopener\">uRAD tracking software<\/a><\/p><\/div>\n<div class=\"info\">Product information<\/div>\n\n\t\t<\/div>\n\t<\/div>\n\n\t<\/div>\n<div class=\"wpb_tour_next_prev_nav vc_clearfix\"> <span class=\"wpb_prev_slide\"><a href=\"#prev\" title=\"Previous tab\">Previous tab<\/a><\/span> <span class=\"wpb_next_slide\"><a href=\"#next\" title=\"Next tab\">Next tab<\/a><\/span><\/div>\n\t\t<\/div>\n\t<\/div>\n<\/div><\/div><\/div><\/div><\/div>","protected":false},"excerpt":{"rendered":"Descargas Aqu\u00ed podr\u00e1s descargar toda la informaci\u00f3n, manuales y hojas de caracter\u00edsticas de nuestro cat\u00e1logo de productos radar uRAD. Cat\u00e1logosArt\u00edculos t\u00e9cnicosuRAD Raspberry PiuRAD USBuRAD ArduinouRAD IndustrialuRAD AutomotiveuRAD Automotive HPAuRAD Level SensinguRAD Smart Traffic CompactuRAD Speed DoppleruRAD Touch WalluRAD Smart Radar SensoruRAD Smart Traffic RPi Cat\u00e1logo de productos est\u00e1ndar Cat\u00e1logos Cat\u00e1logo de Smart Traffic Solutions Cat\u00e1logos 24 GHz white paper Art\u00edculo...","protected":false},"author":1,"featured_media":0,"parent":0,"menu_order":0,"comment_status":"closed","ping_status":"closed","template":"page-full-width.php","meta":{"inline_featured_image":false,"footnotes":""},"class_list":["post-841","page","type-page","status-publish","hentry"],"yoast_head":"<!-- This site is optimized with the Yoast SEO plugin v26.9 - https:\/\/yoast.com\/product\/yoast-seo-wordpress\/ -->\n<title>Descargas - uRAD - Universal Radar<\/title>\n<meta name=\"description\" content=\"Encuentra aqu\u00ed toda la informaci\u00f3n, manuales de usuario y hojas de caracter\u00edsticas de nuestros productos radar.\" \/>\n<meta name=\"robots\" content=\"index, follow, max-snippet:-1, max-image-preview:large, max-video-preview:-1\" \/>\n<link rel=\"canonical\" href=\"https:\/\/urad.es\/en\/descargas\/\" \/>\n<meta property=\"og:locale\" content=\"en_GB\" \/>\n<meta property=\"og:type\" content=\"article\" \/>\n<meta property=\"og:title\" content=\"Descargas - uRAD - Universal Radar\" \/>\n<meta property=\"og:description\" content=\"Encuentra aqu\u00ed toda la informaci\u00f3n, manuales de usuario y hojas de caracter\u00edsticas de nuestros productos radar.\" \/>\n<meta property=\"og:url\" content=\"https:\/\/urad.es\/en\/descargas\/\" \/>\n<meta property=\"og:site_name\" content=\"uRAD - Universal Radar\" \/>\n<meta property=\"article:modified_time\" content=\"2025-11-14T10:41:09+00:00\" \/>\n<meta name=\"twitter:card\" content=\"summary_large_image\" \/>\n<meta name=\"twitter:site\" content=\"@urad_es\" \/>\n<meta name=\"twitter:label1\" content=\"Estimated reading time\" \/>\n\t<meta name=\"twitter:data1\" content=\"3 minutes\" \/>\n<script type=\"application\/ld+json\" class=\"yoast-schema-graph\">{\"@context\":\"https:\/\/schema.org\",\"@graph\":[{\"@type\":\"WebPage\",\"@id\":\"https:\/\/urad.es\/descargas\/\",\"url\":\"https:\/\/urad.es\/descargas\/\",\"name\":\"Descargas - uRAD - Universal Radar\",\"isPartOf\":{\"@id\":\"https:\/\/urad.es\/en\/#website\"},\"datePublished\":\"2021-01-27T10:40:21+00:00\",\"dateModified\":\"2025-11-14T10:41:09+00:00\",\"description\":\"Encuentra aqu\u00ed toda la informaci\u00f3n, manuales de usuario y hojas de caracter\u00edsticas de nuestros productos radar.\",\"breadcrumb\":{\"@id\":\"https:\/\/urad.es\/descargas\/#breadcrumb\"},\"inLanguage\":\"en-GB\",\"potentialAction\":[{\"@type\":\"ReadAction\",\"target\":[\"https:\/\/urad.es\/descargas\/\"]}]},{\"@type\":\"BreadcrumbList\",\"@id\":\"https:\/\/urad.es\/descargas\/#breadcrumb\",\"itemListElement\":[{\"@type\":\"ListItem\",\"position\":1,\"name\":\"Portada\",\"item\":\"https:\/\/urad.es\/en\/\"},{\"@type\":\"ListItem\",\"position\":2,\"name\":\"Descargas\"}]},{\"@type\":\"WebSite\",\"@id\":\"https:\/\/urad.es\/en\/#website\",\"url\":\"https:\/\/urad.es\/en\/\",\"name\":\"uRAD - Universal Radar\",\"description\":\"La forma m\u00e1s sencilla de medir velocidad, distancia y presencia.\",\"publisher\":{\"@id\":\"https:\/\/urad.es\/en\/#organization\"},\"potentialAction\":[{\"@type\":\"SearchAction\",\"target\":{\"@type\":\"EntryPoint\",\"urlTemplate\":\"https:\/\/urad.es\/en\/?s={search_term_string}\"},\"query-input\":{\"@type\":\"PropertyValueSpecification\",\"valueRequired\":true,\"valueName\":\"search_term_string\"}}],\"inLanguage\":\"en-GB\"},{\"@type\":\"Organization\",\"@id\":\"https:\/\/urad.es\/en\/#organization\",\"name\":\"uRAD\",\"url\":\"https:\/\/urad.es\/en\/\",\"logo\":{\"@type\":\"ImageObject\",\"inLanguage\":\"en-GB\",\"@id\":\"https:\/\/urad.es\/en\/#\/schema\/logo\/image\/\",\"url\":\"https:\/\/urad.es\/wp-content\/uploads\/2019\/03\/IMAGOTIPO-uRAD-ORIGINAL-by-Anteral.jpg\",\"contentUrl\":\"https:\/\/urad.es\/wp-content\/uploads\/2019\/03\/IMAGOTIPO-uRAD-ORIGINAL-by-Anteral.jpg\",\"width\":3404,\"height\":1776,\"caption\":\"uRAD\"},\"image\":{\"@id\":\"https:\/\/urad.es\/en\/#\/schema\/logo\/image\/\"},\"sameAs\":[\"https:\/\/x.com\/urad_es\",\"https:\/\/www.linkedin.com\/company\/urad-es\/\"]}]}<\/script>\n<!-- \/ Yoast SEO plugin. -->","yoast_head_json":{"title":"Downloads - uRAD - Universal Radar","description":"Here you cand find all the information, user manuals and datasheets of all our radar products.","robots":{"index":"index","follow":"follow","max-snippet":"max-snippet:-1","max-image-preview":"max-image-preview:large","max-video-preview":"max-video-preview:-1"},"canonical":"https:\/\/urad.es\/en\/descargas\/","og_locale":"en_GB","og_type":"article","og_title":"Descargas - uRAD - Universal Radar","og_description":"Encuentra aqu\u00ed toda la informaci\u00f3n, manuales de usuario y hojas de caracter\u00edsticas de nuestros productos radar.","og_url":"https:\/\/urad.es\/en\/descargas\/","og_site_name":"uRAD - Universal Radar","article_modified_time":"2025-11-14T10:41:09+00:00","twitter_card":"summary_large_image","twitter_site":"@urad_es","twitter_misc":{"Estimated reading time":"3 minutes"},"schema":{"@context":"https:\/\/schema.org","@graph":[{"@type":"WebPage","@id":"https:\/\/urad.es\/descargas\/","url":"https:\/\/urad.es\/descargas\/","name":"Downloads - uRAD - Universal Radar","isPartOf":{"@id":"https:\/\/urad.es\/en\/#website"},"datePublished":"2021-01-27T10:40:21+00:00","dateModified":"2025-11-14T10:41:09+00:00","description":"Here you cand find all the information, user manuals and datasheets of all our radar products.","breadcrumb":{"@id":"https:\/\/urad.es\/descargas\/#breadcrumb"},"inLanguage":"en-GB","potentialAction":[{"@type":"ReadAction","target":["https:\/\/urad.es\/descargas\/"]}]},{"@type":"BreadcrumbList","@id":"https:\/\/urad.es\/descargas\/#breadcrumb","itemListElement":[{"@type":"ListItem","position":1,"name":"Portada","item":"https:\/\/urad.es\/en\/"},{"@type":"ListItem","position":2,"name":"Descargas"}]},{"@type":"WebSite","@id":"https:\/\/urad.es\/en\/#website","url":"https:\/\/urad.es\/en\/","name":"uRAD - Universal Radar","description":"The easiest way to measure velocity, distance and detect presence.","publisher":{"@id":"https:\/\/urad.es\/en\/#organization"},"potentialAction":[{"@type":"SearchAction","target":{"@type":"EntryPoint","urlTemplate":"https:\/\/urad.es\/en\/?s={search_term_string}"},"query-input":{"@type":"PropertyValueSpecification","valueRequired":true,"valueName":"search_term_string"}}],"inLanguage":"en-GB"},{"@type":"Organization","@id":"https:\/\/urad.es\/en\/#organization","name":"uRAD","url":"https:\/\/urad.es\/en\/","logo":{"@type":"ImageObject","inLanguage":"en-GB","@id":"https:\/\/urad.es\/en\/#\/schema\/logo\/image\/","url":"https:\/\/urad.es\/wp-content\/uploads\/2019\/03\/IMAGOTIPO-uRAD-ORIGINAL-by-Anteral.jpg","contentUrl":"https:\/\/urad.es\/wp-content\/uploads\/2019\/03\/IMAGOTIPO-uRAD-ORIGINAL-by-Anteral.jpg","width":3404,"height":1776,"caption":"uRAD"},"image":{"@id":"https:\/\/urad.es\/en\/#\/schema\/logo\/image\/"},"sameAs":["https:\/\/x.com\/urad_es","https:\/\/www.linkedin.com\/company\/urad-es\/"]}]}},"_links":{"self":[{"href":"https:\/\/urad.es\/en\/wp-json\/wp\/v2\/pages\/841","targetHints":{"allow":["GET"]}}],"collection":[{"href":"https:\/\/urad.es\/en\/wp-json\/wp\/v2\/pages"}],"about":[{"href":"https:\/\/urad.es\/en\/wp-json\/wp\/v2\/types\/page"}],"author":[{"embeddable":true,"href":"https:\/\/urad.es\/en\/wp-json\/wp\/v2\/users\/1"}],"replies":[{"embeddable":true,"href":"https:\/\/urad.es\/en\/wp-json\/wp\/v2\/comments?post=841"}],"version-history":[{"count":97,"href":"https:\/\/urad.es\/en\/wp-json\/wp\/v2\/pages\/841\/revisions"}],"predecessor-version":[{"id":2302,"href":"https:\/\/urad.es\/en\/wp-json\/wp\/v2\/pages\/841\/revisions\/2302"}],"wp:attachment":[{"href":"https:\/\/urad.es\/en\/wp-json\/wp\/v2\/media?parent=841"}],"curies":[{"name":"wp","href":"https:\/\/api.w.org\/{rel}","templated":true}]}}