{"id":331,"date":"2019-02-12T14:03:07","date_gmt":"2019-02-12T14:03:07","guid":{"rendered":"http:\/\/urad.es\/politica-de-cookies\/"},"modified":"2023-02-16T07:22:45","modified_gmt":"2023-02-16T07:22:45","slug":"politica-de-cookies","status":"publish","type":"page","link":"https:\/\/urad.es\/en\/politica-de-cookies\/","title":{"rendered":"Cookies policy"},"content":{"rendered":"<div class=\"container\"><div class=\"vc_row wpb_row vc_row-fluid\"><div class=\"wpb_column vc_column_container vc_col-sm-12\"><div class=\"vc_column-inner\"><div class=\"wpb_wrapper\"><div class=\"vc_empty_space\"   style=\"height: 10vh\"><span class=\"vc_empty_space_inner\"><\/span><\/div>\n\t<div class=\"wpb_text_column wpb_content_element\" >\n\t\t<div class=\"wpb_wrapper\">\n\t\t\t<h3><strong>POL\u00cdTICA DE COOKIES<\/strong><\/h3>\n<p>Ponemos a disposici\u00f3n del usuario la presente pol\u00edtica de cookies, donde podr\u00e1n encontrar todos los detalles acerca del uso de cookies en nuestra p\u00e1gina web. Aconsejamos a los usuarios que visiten la presente pol\u00edtica de cookies con frecuencia, ya que \u00e9sta puede ser actualizada en cualquier momento.<\/p>\n<p>&nbsp;<\/p>\n<h3><strong>\u00bfQu\u00e9 es una cookie?<\/strong><\/h3>\n<p>Una cookie es un peque\u00f1o fichero de texto que se almacena en tu navegador cuando visitas una p\u00e1gina web.<\/p>\n<p>Son herramientas que tienen un papel esencial para la prestaci\u00f3n de servicios digitales. Entre otros, permiten a una p\u00e1gina web almacenar y recuperar informaci\u00f3n sobre los h\u00e1bitos de navegaci\u00f3n de un usuario o de su equipo y, dependiendo de la informaci\u00f3n obtenida, se pueden utilizar para reconocer al usuario y mejorar el servicio ofrecido. Sin las cookies, muchas p\u00e1ginas no funcionar\u00e1n correctamente o los servicios ofrecidos se ver\u00e1n mermados.<\/p>\n<p>&nbsp;<\/p>\n<h3><strong>\u00bfA qui\u00e9n van dirigidas nuestras cookies?<\/strong><\/h3>\n<p>Los servicios ofrecidos en esta p\u00e1gina web as\u00ed como los contenidos, est\u00e1n dirigidos a personas mayores de edad, en ning\u00fan caso dentro de nuestro p\u00fablico objetivo se encuentran menores de catorce a\u00f1os. Entendemos que son ellos quienes ser\u00e1n los responsables del uso que cada uno de los diferentes recursos.<\/p>\n<p>&nbsp;<\/p>\n<h3><strong>TIPOS DE COOKIES<\/strong><\/h3>\n<ol>\n<li><strong>SEG\u00daN QUI\u00c9N SEA LA ENTIDAD QUE LAS GESTIONE<\/strong><\/li>\n<\/ol>\n<p>Seg\u00fan qui\u00e9n sea la entidad que gestione el equipo o dominio desde donde se env\u00edan las cookies y trate los datos que se obtengan, podemos distinguir:<\/p>\n<p>&nbsp;<\/p>\n<ul>\n<li><strong>Cookies propias<\/strong>: se env\u00edan al dispositivo del usuario desde un equipo o dominio gestionado por el propietario de la web y desde el que se presta el servicio solicitado por el usuario.<\/li>\n<li><strong>Cookies de tercero:<\/strong> se env\u00edan al dispositivo del usuario desde un equipo o dominio que no es gestionado por el propietario de la web, sino por otra entidad que trata los datos obtenidos trav\u00e9s de las cookies.<\/li>\n<\/ul>\n<p><strong>\u00a0<\/strong><\/p>\n<ol start=\"2\">\n<li><strong>SEG\u00daN EL PLAZO DE TIEMPO QUE PERMANECEN ALMACENADAS EN EL ORDENADOR:<\/strong><\/li>\n<\/ol>\n<ul>\n<li><strong>Cookies de sesi\u00f3n<\/strong>:\u00a0son aqu\u00e9llas que recaban y almacenan los datos cuando el usuario accede a la p\u00e1gina web y cesan una vez que el usuario sale de \u00e9sta.<\/li>\n<li><strong>Cookies persistentes:<\/strong>son aqu\u00e9llas que tienen una duraci\u00f3n determinada en el tiempo por el responsable del tratamiento. El tiempo de conservaci\u00f3n puede variar entre unos minutos a varios a\u00f1os. Se utilizan para guardar y recuperar ciertos par\u00e1metros cada vez que el usuario visite la p\u00e1gina web.<\/li>\n<\/ul>\n<p>&nbsp;<\/p>\n<ol start=\"3\">\n<li><strong>SEG\u00daN LA FINALIDAD: <\/strong><\/li>\n<\/ol>\n<ul>\n<li><strong>Cookies t\u00e9cnicas:<\/strong>son aqu\u00e9llas imprescindibles y estrictamente necesarias para el correcto funcionamiento de la p\u00e1gina web y utilizar las diferentes opciones o servicios que ofrecemos. Por ejemplo, las que sirven para el mantenimiento de la sesi\u00f3n, la gesti\u00f3n del tiempo de respuesta, rendimiento o validaci\u00f3n de opciones, utilizar elementos de seguridad, compartir contenido con redes sociales, etc.<\/li>\n<li><strong>Cookies de personalizaci\u00f3n<\/strong>:\u00a0son aqu\u00e9llas que permiten que el usuario pueda especificar o personalizar algunas caracter\u00edsticas de la p\u00e1gina web. Por ejemplo, definir el idioma, configuraci\u00f3n regional o tipo de navegador.<\/li>\n<li><strong>Cookies de an\u00e1lisis:<\/strong>son aqu\u00e9llas que nos permiten realizar un seguimiento y an\u00e1lisis del comportamiento del usuario en nuestra p\u00e1gina web para elaborar perfiles de navegaci\u00f3n y poder conocer las preferencias de los usuarios del mismo. Se suelen utilizar para medir la actividad del usuario con el objetivo de mejorar el servicio que le ofrecemos en funci\u00f3n de los resultados que obtenemos. Por ejemplo, mediante una cookie anal\u00edtica se controlar\u00edan las \u00e1reas geogr\u00e1ficas de mayor inter\u00e9s de un usuario, cu\u00e1l es el producto o servicio de m\u00e1s aceptaci\u00f3n, etc.<\/li>\n<li><strong>Cookies publicitarias:<\/strong>son aqu\u00e9llas que nos permiten la gesti\u00f3n de los espacios publicitarios en los sitios web.<\/li>\n<li><strong>Cookies de publicidad comportamental:<\/strong>son aqu\u00e9llas que permiten la gesti\u00f3n de los espacios publicitarios de nuestra p\u00e1gina web. La funci\u00f3n de estas cookies es almacenar informaci\u00f3n del comportamiento de los usuarios en nuestra p\u00e1gina web, para posteriormente mostrar publicidad personalizada.<\/li>\n<\/ul>\n<p>&nbsp;<\/p>\n<h3><strong>\u00bfQU\u00c9 COOKIES UTILIZAMOS?<\/strong><\/h3>\n<p>Siguiendo las directrices de la Agencia Espa\u00f1ola de Protecci\u00f3n de Datos procedemos a detallar el uso de cookies\u202fque hace esta web con el fin de informarle con la m\u00e1xima exactitud posible.<\/p>\n<p>&nbsp;<\/p>\n<div>\n<table class=\"cookielawinfo-row-cat-table cookielawinfo-classic\"><thead><tr><th class=\"cookielawinfo-column-1\">Cookie<\/th><th class=\"cookielawinfo-column-4\">Description<\/th><\/tr><\/thead><tbody><tr class=\"cookielawinfo-row\"><td class=\"cookielawinfo-column-1\">cookielawinfo-checbox-analytics<\/td><td class=\"cookielawinfo-column-4\"><span class=\"HwtZe\" lang=\"es\"><span class=\"jCAhz ChMk0b\"><span class=\"ryNqvb\">Esta cookie est\u00e1 configurada por el plugin de consentimiento de cookies de GDPR.<\/span><\/span> <span class=\"jCAhz ChMk0b\"><span class=\"ryNqvb\">La cookie se utiliza para almacenar el consentimiento del usuario para las cookies en la categor\u00eda \"An\u00e1lisis\". Duraci\u00f3n: 11 meses. <\/span><\/span><\/span><\/td><\/tr><tr class=\"cookielawinfo-row\"><td class=\"cookielawinfo-column-1\">cookielawinfo-checbox-functional<\/td><td class=\"cookielawinfo-column-4\"><span class=\"HwtZe\" lang=\"es\"><span class=\"jCAhz ChMk0b\"><span class=\"ryNqvb\">La cookie est\u00e1 configurada por el plugin de cookies de GDPR para registrar el consentimiento del usuario para las cookies en la categor\u00eda \"Funcional\". Duraci\u00f3n: 11 meses. <\/span><\/span><\/span><\/td><\/tr><tr class=\"cookielawinfo-row\"><td class=\"cookielawinfo-column-1\">cookielawinfo-checbox-others<\/td><td class=\"cookielawinfo-column-4\"><span class=\"HwtZe\" lang=\"es\"><span class=\"jCAhz ChMk0b\"><span class=\"ryNqvb\">Esta cookie est\u00e1 configurada por el plugin de consentimiento de cookies de GDPR.<\/span><\/span> <span class=\"jCAhz ChMk0b\"><span class=\"ryNqvb\">La cookie se utiliza para almacenar el consentimiento del usuario para las cookies en la categor\u00eda \"Otro\". Duraci\u00f3n: 11 meses. <\/span><\/span><\/span><\/td><\/tr><tr class=\"cookielawinfo-row\"><td class=\"cookielawinfo-column-1\">cookielawinfo-checkbox-necessary<\/td><td class=\"cookielawinfo-column-4\"><span class=\"HwtZe\" lang=\"es\"><span class=\"jCAhz ChMk0b\"><span class=\"ryNqvb\">Esta cookie est\u00e1 configurada por el plugin de consentimiento de cookies de GDPR.<\/span><\/span> <span class=\"jCAhz ChMk0b\"><span class=\"ryNqvb\">La cookie se utiliza para almacenar el consentimiento del usuario para las cookies en la categor\u00eda \"Necesario\". Duraci\u00f3n: 11 meses. <\/span><\/span><\/span><\/td><\/tr><tr class=\"cookielawinfo-row\"><td class=\"cookielawinfo-column-1\">cookielawinfo-checkbox-performance<\/td><td class=\"cookielawinfo-column-4\"><span class=\"HwtZe\" lang=\"es\"><span class=\"jCAhz ChMk0b\"><span class=\"ryNqvb\">Esta cookie est\u00e1 configurada por el plugin de consentimiento de cookies de GDPR.<\/span><\/span> <span class=\"jCAhz ChMk0b\"><span class=\"ryNqvb\">La cookie se utiliza para almacenar el consentimiento del usuario para las cookies en la categor\u00eda \"Rendimiento\". Duraci\u00f3n: 11 meses. <\/span><\/span><\/span><\/td><\/tr><tr class=\"cookielawinfo-row\"><td class=\"cookielawinfo-column-1\">viewed_cookie_policy<\/td><td class=\"cookielawinfo-column-4\"><span class=\"HwtZe\" lang=\"es\"><span class=\"jCAhz ChMk0b\"><span class=\"ryNqvb\">La cookie est\u00e1 configurada por el plugin de consentimiento de cookies GDPR y se utiliza para almacenar si el usuario ha dado su consentimiento o no para el uso de cookies.<\/span><\/span> <span class=\"jCAhz ChMk0b\"><span class=\"ryNqvb\">No almacena ning\u00fan dato personal. Duraci\u00f3n: 11 meses. <\/span><\/span><\/span><\/td><\/tr><\/tbody><\/table><\/p>\n<p>&nbsp;<\/p>\n<\/div>\n<h3><strong>\u00bfC\u00d3MO DESHABILITAR O ELIMINAR LAS COOKIES?<\/strong><\/h3>\n<p>Puedes restringir, bloquear o borrar las cookies de cualquier p\u00e1gina web, utilizando tu navegador. Puesto que en cada navegador la configuraci\u00f3n es diferente, la funci\u00f3n de \u2018Ayuda\u201d le mostrar\u00e1 c\u00f3mo hacerlo. Te facilitamos enlaces directos con informaci\u00f3n al respecto:<\/p>\n<ul>\n<li>Microsoft Internet Explorer:\u00a0<a href=\"http:\/\/windows.microsoft.com\/es-xl\/internet-explorer\/delete-manage-cookies#ie=%22ie-10\">microsoft.com\/es-xl\/internet-explorer\/delete-manage-cookies#ie=\u201die-10<\/a><\/li>\n<li>Mozilla FireFox:\u00a0<a href=\"http:\/\/support.mozilla.org\/es\/kb\/Borrar%20cookies\">mozilla.org\/es\/kb\/Borrar%20cookies<\/a><\/li>\n<li>Google Chrome:\u00a0<a href=\"http:\/\/support.google.com\/chrome\/answer\/95647?hl=es\">http:\/\/support.google.com\/chrome\/answer\/95647?hl=es<\/a><\/li>\n<li>Apple Safari:\u00a0<a href=\"http:\/\/www.apple.com\/es\/privacy\/use-of-cookies\">apple.com\/es\/privacy\/use-of-cookies<\/a><\/li>\n<\/ul>\n<h2><\/h2>\n<h3>Learn more<\/h3>\n<p class=\"translation-block\">Neither this website nor its legal representatives are responsible for the content or the veracity of the privacy policies that the third parties mentioned in this <em> cookies <\/em> policy may have.<\/p>\n<p class=\"translation-block\">Web browsers are the tools in charge of storing <em> cookies <\/em> and from this place you must exercise your right to eliminate or deactivate them. Neither this website nor its legal representatives can guarantee the correct or incorrect handling of <em> cookies <\/em> by the aforementioned browsers.<\/p>\n<p class=\"translation-block\">In some cases it is necessary to install <em> cookies <\/em> so that the browser does not forget its decision not to accept them.<\/p>\n<p>Para cualquier duda o consulta acerca de esta pol\u00edtica de cookies no dude en comunicarse con nosotros.<\/p>\n\n\t\t<\/div>\n\t<\/div>\n<\/div><\/div><\/div><\/div><\/div>","protected":false},"excerpt":{"rendered":"POL\u00cdTICA DE COOKIES Ponemos a disposici\u00f3n del usuario la presente pol\u00edtica de cookies, donde podr\u00e1n encontrar todos los detalles acerca del uso de cookies en nuestra p\u00e1gina web. Aconsejamos a los usuarios que visiten la presente pol\u00edtica de cookies con frecuencia, ya que \u00e9sta puede ser actualizada en cualquier momento. &nbsp; \u00bfQu\u00e9 es una cookie? Una cookie es un peque\u00f1o...","protected":false},"author":1,"featured_media":0,"parent":0,"menu_order":0,"comment_status":"closed","ping_status":"closed","template":"page-full-width.php","meta":{"inline_featured_image":false,"footnotes":""},"class_list":["post-331","page","type-page","status-publish","hentry"],"yoast_head":"<!-- This site is optimized with the Yoast SEO plugin v26.9 - https:\/\/yoast.com\/product\/yoast-seo-wordpress\/ -->\n<title>Pol\u00edtica de cookies - uRAD - Universal Radar<\/title>\n<meta name=\"robots\" content=\"index, follow, max-snippet:-1, max-image-preview:large, max-video-preview:-1\" \/>\n<link rel=\"canonical\" href=\"https:\/\/urad.es\/en\/politica-de-cookies\/\" \/>\n<meta property=\"og:locale\" content=\"en_GB\" \/>\n<meta property=\"og:type\" content=\"article\" \/>\n<meta property=\"og:title\" content=\"Pol\u00edtica de cookies - uRAD - Universal Radar\" \/>\n<meta property=\"og:url\" content=\"https:\/\/urad.es\/en\/politica-de-cookies\/\" \/>\n<meta property=\"og:site_name\" content=\"uRAD - Universal Radar\" \/>\n<meta property=\"article:modified_time\" content=\"2023-02-16T07:22:45+00:00\" \/>\n<meta name=\"twitter:card\" content=\"summary_large_image\" \/>\n<meta name=\"twitter:site\" content=\"@urad_es\" \/>\n<meta name=\"twitter:label1\" content=\"Estimated reading time\" \/>\n\t<meta name=\"twitter:data1\" content=\"4 minutes\" \/>\n<script type=\"application\/ld+json\" class=\"yoast-schema-graph\">{\"@context\":\"https:\/\/schema.org\",\"@graph\":[{\"@type\":\"WebPage\",\"@id\":\"https:\/\/urad.es\/en\/politica-de-cookies\/\",\"url\":\"https:\/\/urad.es\/en\/politica-de-cookies\/\",\"name\":\"Pol\u00edtica de cookies - uRAD - Universal Radar\",\"isPartOf\":{\"@id\":\"https:\/\/urad.es\/en\/#website\"},\"datePublished\":\"2019-02-12T14:03:07+00:00\",\"dateModified\":\"2023-02-16T07:22:45+00:00\",\"breadcrumb\":{\"@id\":\"https:\/\/urad.es\/en\/politica-de-cookies\/#breadcrumb\"},\"inLanguage\":\"en-GB\",\"potentialAction\":[{\"@type\":\"ReadAction\",\"target\":[\"https:\/\/urad.es\/en\/politica-de-cookies\/\"]}]},{\"@type\":\"BreadcrumbList\",\"@id\":\"https:\/\/urad.es\/en\/politica-de-cookies\/#breadcrumb\",\"itemListElement\":[{\"@type\":\"ListItem\",\"position\":1,\"name\":\"Portada\",\"item\":\"https:\/\/urad.es\/en\/\"},{\"@type\":\"ListItem\",\"position\":2,\"name\":\"Pol\u00edtica de cookies\"}]},{\"@type\":\"WebSite\",\"@id\":\"https:\/\/urad.es\/en\/#website\",\"url\":\"https:\/\/urad.es\/en\/\",\"name\":\"uRAD - Universal Radar\",\"description\":\"La forma m\u00e1s sencilla de medir velocidad, distancia y presencia.\",\"publisher\":{\"@id\":\"https:\/\/urad.es\/en\/#organization\"},\"potentialAction\":[{\"@type\":\"SearchAction\",\"target\":{\"@type\":\"EntryPoint\",\"urlTemplate\":\"https:\/\/urad.es\/en\/?s={search_term_string}\"},\"query-input\":{\"@type\":\"PropertyValueSpecification\",\"valueRequired\":true,\"valueName\":\"search_term_string\"}}],\"inLanguage\":\"en-GB\"},{\"@type\":\"Organization\",\"@id\":\"https:\/\/urad.es\/en\/#organization\",\"name\":\"uRAD\",\"url\":\"https:\/\/urad.es\/en\/\",\"logo\":{\"@type\":\"ImageObject\",\"inLanguage\":\"en-GB\",\"@id\":\"https:\/\/urad.es\/en\/#\/schema\/logo\/image\/\",\"url\":\"https:\/\/urad.es\/wp-content\/uploads\/2019\/03\/IMAGOTIPO-uRAD-ORIGINAL-by-Anteral.jpg\",\"contentUrl\":\"https:\/\/urad.es\/wp-content\/uploads\/2019\/03\/IMAGOTIPO-uRAD-ORIGINAL-by-Anteral.jpg\",\"width\":3404,\"height\":1776,\"caption\":\"uRAD\"},\"image\":{\"@id\":\"https:\/\/urad.es\/en\/#\/schema\/logo\/image\/\"},\"sameAs\":[\"https:\/\/x.com\/urad_es\",\"https:\/\/www.linkedin.com\/company\/urad-es\/\"]}]}<\/script>\n<!-- \/ Yoast SEO plugin. -->","yoast_head_json":{"title":"Pol\u00edtica de cookies - uRAD - Universal Radar","robots":{"index":"index","follow":"follow","max-snippet":"max-snippet:-1","max-image-preview":"max-image-preview:large","max-video-preview":"max-video-preview:-1"},"canonical":"https:\/\/urad.es\/en\/politica-de-cookies\/","og_locale":"en_GB","og_type":"article","og_title":"Pol\u00edtica de cookies - uRAD - Universal Radar","og_url":"https:\/\/urad.es\/en\/politica-de-cookies\/","og_site_name":"uRAD - Universal Radar","article_modified_time":"2023-02-16T07:22:45+00:00","twitter_card":"summary_large_image","twitter_site":"@urad_es","twitter_misc":{"Estimated reading time":"4 minutes"},"schema":{"@context":"https:\/\/schema.org","@graph":[{"@type":"WebPage","@id":"https:\/\/urad.es\/en\/politica-de-cookies\/","url":"https:\/\/urad.es\/en\/politica-de-cookies\/","name":"Pol\u00edtica de cookies - uRAD - Universal Radar","isPartOf":{"@id":"https:\/\/urad.es\/en\/#website"},"datePublished":"2019-02-12T14:03:07+00:00","dateModified":"2023-02-16T07:22:45+00:00","breadcrumb":{"@id":"https:\/\/urad.es\/en\/politica-de-cookies\/#breadcrumb"},"inLanguage":"en-GB","potentialAction":[{"@type":"ReadAction","target":["https:\/\/urad.es\/en\/politica-de-cookies\/"]}]},{"@type":"BreadcrumbList","@id":"https:\/\/urad.es\/en\/politica-de-cookies\/#breadcrumb","itemListElement":[{"@type":"ListItem","position":1,"name":"Portada","item":"https:\/\/urad.es\/en\/"},{"@type":"ListItem","position":2,"name":"Pol\u00edtica de cookies"}]},{"@type":"WebSite","@id":"https:\/\/urad.es\/en\/#website","url":"https:\/\/urad.es\/en\/","name":"uRAD - Universal Radar","description":"The easiest way to measure velocity, distance and detect presence.","publisher":{"@id":"https:\/\/urad.es\/en\/#organization"},"potentialAction":[{"@type":"SearchAction","target":{"@type":"EntryPoint","urlTemplate":"https:\/\/urad.es\/en\/?s={search_term_string}"},"query-input":{"@type":"PropertyValueSpecification","valueRequired":true,"valueName":"search_term_string"}}],"inLanguage":"en-GB"},{"@type":"Organization","@id":"https:\/\/urad.es\/en\/#organization","name":"uRAD","url":"https:\/\/urad.es\/en\/","logo":{"@type":"ImageObject","inLanguage":"en-GB","@id":"https:\/\/urad.es\/en\/#\/schema\/logo\/image\/","url":"https:\/\/urad.es\/wp-content\/uploads\/2019\/03\/IMAGOTIPO-uRAD-ORIGINAL-by-Anteral.jpg","contentUrl":"https:\/\/urad.es\/wp-content\/uploads\/2019\/03\/IMAGOTIPO-uRAD-ORIGINAL-by-Anteral.jpg","width":3404,"height":1776,"caption":"uRAD"},"image":{"@id":"https:\/\/urad.es\/en\/#\/schema\/logo\/image\/"},"sameAs":["https:\/\/x.com\/urad_es","https:\/\/www.linkedin.com\/company\/urad-es\/"]}]}},"_links":{"self":[{"href":"https:\/\/urad.es\/en\/wp-json\/wp\/v2\/pages\/331","targetHints":{"allow":["GET"]}}],"collection":[{"href":"https:\/\/urad.es\/en\/wp-json\/wp\/v2\/pages"}],"about":[{"href":"https:\/\/urad.es\/en\/wp-json\/wp\/v2\/types\/page"}],"author":[{"embeddable":true,"href":"https:\/\/urad.es\/en\/wp-json\/wp\/v2\/users\/1"}],"replies":[{"embeddable":true,"href":"https:\/\/urad.es\/en\/wp-json\/wp\/v2\/comments?post=331"}],"version-history":[{"count":5,"href":"https:\/\/urad.es\/en\/wp-json\/wp\/v2\/pages\/331\/revisions"}],"predecessor-version":[{"id":2400,"href":"https:\/\/urad.es\/en\/wp-json\/wp\/v2\/pages\/331\/revisions\/2400"}],"wp:attachment":[{"href":"https:\/\/urad.es\/en\/wp-json\/wp\/v2\/media?parent=331"}],"curies":[{"name":"wp","href":"https:\/\/api.w.org\/{rel}","templated":true}]}}