{"id":2769,"date":"2023-09-14T10:47:50","date_gmt":"2023-09-14T10:47:50","guid":{"rendered":"https:\/\/urad.es\/?page_id=2769"},"modified":"2024-09-04T07:31:45","modified_gmt":"2024-09-04T07:31:45","slug":"reconocimiento-de-gestos-con-radar-la-innovacion-en-tus-manos","status":"publish","type":"page","link":"https:\/\/urad.es\/en\/aplicaciones\/reconocimiento-gestos-radar\/","title":{"rendered":"Gesture recognition with radar technology: innovation in your hands."},"content":{"rendered":"<div class=\"vc_row wpb_row vc_row-fluid vc_custom_1684402108009 vc_row-o-content-middle vc_row-flex\"><div class=\"wpb_column vc_column_container vc_col-sm-12\"><div class=\"vc_column-inner\"><div class=\"wpb_wrapper\">\n\t<div class=\"wpb_text_column wpb_content_element  wpb_animate_when_almost_visible wpb_bounceInDown bounceInDown tipo_borde\" >\n\t\t<div class=\"wpb_wrapper\">\n\t\t\t<h1 style=\"text-align: center; padding-left: 40px;\"><span style=\"font-size: 36pt;\">Gesture recognition with radar technology: innovation in your hands.<\/span><\/h1>\n\n\t\t<\/div>\n\t<\/div>\n\n\t<div class=\"wpb_text_column wpb_content_element  wpb_animate_when_almost_visible wpb_bounceInRight bounceInRight\" >\n\t\t<div class=\"wpb_wrapper\">\n\t\t\t<p style=\"text-align: left;\" class=\"translation-block\"><span style=\"font-size: 14pt\">Can you imagine controlling your electronic devices just by moving your hands in the air? That idea is no longer science fiction thanks to <strong>radar-based gesture recognition technology<\/strong>. Now, it's possible to control music, TV, lights, and other devices simply by moving your hands in front of a screen. Discover how innovation is at your fingertips<strong> with radar technology gesture tracking.<\/strong><\/span><\/p>\n\n\t\t<\/div>\n\t<\/div>\n<\/div><\/div><\/div><\/div><div class=\"vc_row wpb_row vc_row-fluid vc_custom_1684402182212 vc_row-o-content-middle vc_row-flex\"><div class=\"wpb_column vc_column_container vc_col-sm-6\"><div class=\"vc_column-inner\"><div class=\"wpb_wrapper\">\n\t<div  class=\"wpb_single_image wpb_content_element vc_align_center  wpb_animate_when_almost_visible wpb_fadeInLeft fadeInLeft\">\n\t\t\n\t\t<figure class=\"wpb_wrapper vc_figure\">\n\t\t\t<div class=\"vc_single_image-wrapper vc_box_rounded  vc_box_border_grey\"><img loading=\"lazy\" decoding=\"async\" class=\"vc_single_image-img\" src=\"https:\/\/urad.es\/wp-content\/uploads\/2023\/05\/chica-codificando-pantalla-interactiva.webp\" width=\"615\" height=\"347\" alt=\"chica-codificando-pantalla-interactiva\" title=\"chica-codificando-pantalla-interactiva\" \/><\/div>\n\t\t<\/figure>\n\t<\/div>\n<\/div><\/div><\/div><div class=\"wpb_column vc_column_container vc_col-sm-6\"><div class=\"vc_column-inner\"><div class=\"wpb_wrapper\">\n\t<div class=\"wpb_text_column wpb_content_element  wpb_animate_when_almost_visible wpb_bounceInRight bounceInRight tipo_verde\" >\n\t\t<div class=\"wpb_wrapper\">\n\t\t\t<h2 style=\"text-align: center;\"><span style=\"font-size: 24pt;\">How does motion control using radio waves work?<\/span><\/h2>\n\n\t\t<\/div>\n\t<\/div>\n\n\t<div class=\"wpb_text_column wpb_content_element  wpb_animate_when_almost_visible wpb_bounceInUp bounceInUp tipo_verde\" >\n\t\t<div class=\"wpb_wrapper\">\n\t\t\t<p style=\"text-align: center;\" class=\"translation-block\"><span style=\"font-size: 14pt\"><strong>Motion control <\/strong>with radar technology uses electromagnetic waves, such as<strong> microwaves<\/strong> or <strong>radio waves<\/strong>, to detect and track user gestures. These <strong>waves bounce<\/strong> off the body and <strong>are captured by the radar<\/strong>, which interprets the movements to carry out specific actions.<\/span><\/p>\n\n\t\t<\/div>\n\t<\/div>\n<\/div><\/div><\/div><\/div><div class=\"vc_row wpb_row vc_row-fluid vc_custom_1684402200163 vc_row-o-content-middle vc_row-flex\"><div class=\"wpb_column vc_column_container vc_col-sm-6\"><div class=\"vc_column-inner\"><div class=\"wpb_wrapper\">\n\t<div class=\"wpb_text_column wpb_content_element  wpb_animate_when_almost_visible wpb_bounceInLeft bounceInLeft tipo_verde\" >\n\t\t<div class=\"wpb_wrapper\">\n\t\t\t<h2 style=\"text-align: center;\"><span style=\"font-size: 24pt;\">How does radar overcome the line-of-sight limitation in analyzing body signals compared to cameras?<\/span><\/h2>\n\n\t\t<\/div>\n\t<\/div>\n\n\t<div class=\"wpb_text_column wpb_content_element  wpb_animate_when_almost_visible wpb_bounceInUp bounceInUp tipo_verde\" >\n\t\t<div class=\"wpb_wrapper\">\n\t\t\t<p style=\"text-align: center;\" class=\"translation-block\"><span style=\"font-size: 14pt\">Camera-based gesture recognition requires a direct line of sight to the user to visually capture and process gestures. In contrast, radar-based gesture recognition can <strong>operate without a clear line of sight<\/strong>, as electromagnetic waves can <strong>penetrate obstacles and detect gestures<\/strong> in <strong>low-light environments<\/strong>.<\/span><\/p>\n\n\t\t<\/div>\n\t<\/div>\n<\/div><\/div><\/div><div class=\"wpb_column vc_column_container vc_col-sm-6\"><div class=\"vc_column-inner\"><div class=\"wpb_wrapper\">\n\t<div  class=\"wpb_single_image wpb_content_element vc_align_center  wpb_animate_when_almost_visible wpb_fadeInRight fadeInRight\">\n\t\t\n\t\t<figure class=\"wpb_wrapper vc_figure\">\n\t\t\t<div class=\"vc_single_image-wrapper vc_box_rounded  vc_box_border_grey\"><img loading=\"lazy\" decoding=\"async\" class=\"vc_single_image-img\" src=\"https:\/\/urad.es\/wp-content\/uploads\/2023\/05\/pantalla-informacion-centro-comercial-1.webp\" width=\"615\" height=\"347\" alt=\"pantalla-informacion-centro-comercial (1)\" title=\"pantalla-informacion-centro-comercial (1)\" \/><\/div>\n\t\t<\/figure>\n\t<\/div>\n<\/div><\/div><\/div><\/div><div class=\"vc_row wpb_row vc_row-fluid vc_custom_1684330137613\"><div class=\"wpb_column vc_column_container vc_col-sm-6\"><div class=\"vc_column-inner\"><div class=\"wpb_wrapper\">\n\t<div  class=\"wpb_single_image wpb_content_element vc_align_center\">\n\t\t\n\t\t<figure class=\"wpb_wrapper vc_figure\">\n\t\t\t<div class=\"vc_single_image-wrapper   vc_box_border_grey\"><img loading=\"lazy\" decoding=\"async\" class=\"vc_single_image-img\" src=\"https:\/\/urad.es\/wp-content\/uploads\/2023\/05\/uRAD_recurso_1.webp\" width=\"615\" height=\"346\" alt=\"uRAD_recurso_1\" title=\"uRAD_recurso_1\" \/><\/div>\n\t\t<\/figure>\n\t<\/div>\n<\/div><\/div><\/div><div class=\"wpb_column vc_column_container vc_col-sm-6\"><div class=\"vc_column-inner\"><div class=\"wpb_wrapper\">\n\t<div class=\"wpb_text_column wpb_content_element  wpb_animate_when_almost_visible wpb_bounceInRight bounceInRight tipo_verde\" >\n\t\t<div class=\"wpb_wrapper\">\n\t\t\t<h2 style=\"text-align: center;\">What is the latency or response time of radar technology in gesture detection?<\/h2>\n\n\t\t<\/div>\n\t<\/div>\n\n\t<div class=\"wpb_text_column wpb_content_element  wpb_animate_when_almost_visible wpb_bounceInUp bounceInUp tipo_verde\" >\n\t\t<div class=\"wpb_wrapper\">\n\t\t\t<p style=\"text-align: center;\" class=\"translation-block\"><span style=\"font-size: 18px\">Radar is known for having <strong>very low latency<\/strong>, which means it can detect and respond to gestures almost <strong>instantaneously<\/strong>. In many gesture recognition radar applications, the latency can be on the order of <strong>milliseconds<\/strong> or even less.<\/span><\/p>\n<p style=\"text-align: center;\" class=\"translation-block\"><span style=\"font-size: 18px\">The low latency of radar is one of its key advantages compared to other detection technologies, such as cameras, which can sometimes have higher latency due to image processing. This low latency makes radar <strong>especially suitable for real-time applications<\/strong> where a <strong>quick response<\/strong> is important, such as controlling devices, <strong>interacting with user interfaces<\/strong>, or playing video games.<\/span><\/p>\n<p style=\"text-align: center;\"><span style=\"font-size: 14pt;\">\u00a0<\/span><\/p>\n\n\t\t<\/div>\n\t<\/div>\n<\/div><\/div><\/div><\/div><div class=\"vc_row wpb_row vc_row-fluid vc_custom_1684402208754 vc_row-o-content-middle vc_row-flex\"><div class=\"wpb_column vc_column_container vc_col-sm-12\"><div class=\"vc_column-inner\"><div class=\"wpb_wrapper\">\n\t<div class=\"wpb_text_column wpb_content_element  wpb_animate_when_almost_visible wpb_bounceInDown bounceInDown tipo_verde\" >\n\t\t<div class=\"wpb_wrapper\">\n\t\t\t<h2 style=\"text-align: center;\"><span style=\"font-size: 24pt;\">What are the emerging applications of gesture tracking with radar detection systems in various sectors?<\/span><\/h2>\n\n\t\t<\/div>\n\t<\/div>\n<\/div><\/div><\/div><\/div><div class=\"vc_row wpb_row vc_row-fluid vc_custom_1684402215403 vc_row-o-content-middle vc_row-flex\"><div class=\"wpb_column vc_column_container vc_col-sm-2\"><div class=\"vc_column-inner\"><div class=\"wpb_wrapper\">\n\t<div  class=\"wpb_single_image wpb_content_element vc_align_center  wpb_animate_when_almost_visible wpb_fadeInLeftBig fadeInLeftBig\">\n\t\t\n\t\t<figure class=\"wpb_wrapper vc_figure\">\n\t\t\t<div class=\"vc_single_image-wrapper vc_box_rounded  vc_box_border_grey\"><img loading=\"lazy\" decoding=\"async\" class=\"vc_single_image-img\" src=\"https:\/\/urad.es\/wp-content\/uploads\/2023\/05\/cerca-mujer-coche-electrico.webp\" width=\"615\" height=\"347\" alt=\"cerca-mujer-coche-electrico\" title=\"cerca-mujer-coche-electrico\" \/><\/div>\n\t\t<\/figure>\n\t<\/div>\n\n\t<div  class=\"wpb_single_image wpb_content_element vc_align_center  wpb_animate_when_almost_visible wpb_fadeInLeftBig fadeInLeftBig\">\n\t\t\n\t\t<figure class=\"wpb_wrapper vc_figure\">\n\t\t\t<div class=\"vc_single_image-wrapper vc_box_rounded  vc_box_border_grey\"><img loading=\"lazy\" decoding=\"async\" class=\"vc_single_image-img\" src=\"https:\/\/urad.es\/wp-content\/uploads\/2023\/05\/4887763_52143.webp\" width=\"615\" height=\"347\" alt=\"4887763_52143\" title=\"4887763_52143\" \/><\/div>\n\t\t<\/figure>\n\t<\/div>\n<\/div><\/div><\/div><div class=\"wpb_column vc_column_container vc_col-sm-2\"><div class=\"vc_column-inner\"><div class=\"wpb_wrapper\">\n\t<div  class=\"wpb_single_image wpb_content_element vc_align_center  wpb_animate_when_almost_visible wpb_fadeInUpBig fadeInUpBig\">\n\t\t\n\t\t<figure class=\"wpb_wrapper vc_figure\">\n\t\t\t<div class=\"vc_single_image-wrapper vc_box_rounded  vc_box_border_grey\"><img loading=\"lazy\" decoding=\"async\" class=\"vc_single_image-img\" src=\"https:\/\/urad.es\/wp-content\/uploads\/2023\/05\/representacion-3d-concepto-biorobots.webp\" width=\"615\" height=\"347\" alt=\"representacion-3d-concepto-biorobots\" title=\"representacion-3d-concepto-biorobots\" \/><\/div>\n\t\t<\/figure>\n\t<\/div>\n\n\t<div  class=\"wpb_single_image wpb_content_element vc_align_center  wpb_animate_when_almost_visible wpb_fadeInUpBig fadeInUpBig\">\n\t\t\n\t\t<figure class=\"wpb_wrapper vc_figure\">\n\t\t\t<div class=\"vc_single_image-wrapper vc_box_rounded  vc_box_border_grey\"><img loading=\"lazy\" decoding=\"async\" class=\"vc_single_image-img\" src=\"https:\/\/urad.es\/wp-content\/uploads\/2023\/05\/hombre-usando-jugando-gafas-vr.webp\" width=\"615\" height=\"347\" alt=\"hombre-usando-jugando-gafas-vr\" title=\"hombre-usando-jugando-gafas-vr\" \/><\/div>\n\t\t<\/figure>\n\t<\/div>\n<\/div><\/div><\/div><div class=\"wpb_column vc_column_container vc_col-sm-8\"><div class=\"vc_column-inner\"><div class=\"wpb_wrapper\">\n\t<div class=\"wpb_text_column wpb_content_element  wpb_animate_when_almost_visible wpb_bounceIn bounceIn tipo_verde\" >\n\t\t<div class=\"wpb_wrapper\">\n\t\t\t<ul>\n<li style=\"text-align: left;\" class=\"translation-block\"><span style=\"font-size: 14pt\"><span style=\"color: #000000\"><strong>Automotive:<\/strong><\/span> In the automotive sector, <strong>gesture analysis<\/strong> with radar can enable intuitive control of vehicle functions such as <strong>music adjustment<\/strong>, <strong>temperature control<\/strong>, or <strong>navigation<\/strong>, <strong>without the need to touch<\/strong> buttons or screens.<\/span><\/li>\n<li style=\"text-align: left;\" class=\"translation-block\"><span style=\"font-size: 14pt\"><span style=\"color: #000000\"><strong>Security:<\/strong><\/span> In security applications, <strong>gesture capture<\/strong> with radar can be used to <strong>detect<\/strong> and <strong>recognize<\/strong> suspicious or threatening behaviors, such as <strong>abrupt movements<\/strong> or <strong>threatening gestures<\/strong>.<\/span><\/li>\n<li style=\"text-align: left;\" class=\"translation-block\"><span style=\"font-size: 14pt\"><span style=\"color: #000000\"><strong>Virtual\/Augmented Reality:<\/strong><\/span> Gesture recognition with radar technology can enhance the user experience in virtual or augmented reality environments, enabling natural and contactless interaction with virtual objects and entities.<\/span><\/li>\n<li style=\"text-align: left;\" class=\"translation-block\"><span style=\"font-size: 14pt\"><span style=\"color: #000000\"><strong>Robotics:<\/strong><\/span> In robotics, <strong>gesture detection<\/strong> with radar can be used for <strong>communication<\/strong> and <strong>robot control<\/strong>, enabling commands and responses based on human gestures.<\/span><\/li>\n<\/ul>\n\n\t\t<\/div>\n\t<\/div>\n<\/div><\/div><\/div><\/div><div class=\"vc_row wpb_row vc_row-fluid vc_custom_1684402224019 vc_row-o-content-middle vc_row-flex\"><div class=\"wpb_column vc_column_container vc_col-sm-12\"><div class=\"vc_column-inner\"><div class=\"wpb_wrapper\">\n\t<div class=\"wpb_text_column wpb_content_element  wpb_animate_when_almost_visible wpb_bounceInUp bounceInUp tipo_verde\" >\n\t\t<div class=\"wpb_wrapper\">\n\t\t\t<h2 style=\"text-align: center;\"><span style=\"font-size: 24pt;\">How can uRAD Industrial 60 GHz provide a precise and high-performance gesture recognition solution for your company?<\/span><\/h2>\n\n\t\t<\/div>\n\t<\/div>\n<\/div><\/div><\/div><\/div><div class=\"vc_row wpb_row vc_row-fluid vc_custom_1684402229852 vc_row-o-content-middle vc_row-flex\"><div class=\"wpb_column vc_column_container vc_col-sm-3\"><div class=\"vc_column-inner\"><div class=\"wpb_wrapper\">\n\t<div  class=\"wpb_single_image wpb_content_element vc_align_center  wpb_animate_when_almost_visible wpb_fadeInUpBig fadeInUpBig\">\n\t\t\n\t\t<figure class=\"wpb_wrapper vc_figure\">\n\t\t\t<div class=\"vc_single_image-wrapper vc_box_rounded  vc_box_border_grey\"><img loading=\"lazy\" decoding=\"async\" class=\"vc_single_image-img\" src=\"https:\/\/urad.es\/wp-content\/uploads\/2023\/05\/Industrial-615x347.webp\" width=\"615\" height=\"347\" alt=\"Industrial\" title=\"Industrial\" \/><\/div>\n\t\t<\/figure>\n\t<\/div>\n<\/div><\/div><\/div><div class=\"wpb_column vc_column_container vc_col-sm-9\"><div class=\"vc_column-inner\"><div class=\"wpb_wrapper\">\n\t<div class=\"wpb_text_column wpb_content_element  wpb_animate_when_almost_visible wpb_bounceInRight bounceInRight tipo_verde\" >\n\t\t<div class=\"wpb_wrapper\">\n\t\t\t<ul>\n<li style=\"text-align: left;\" class=\"translation-block\"><span style=\"font-size: 14pt\"><span style=\"color: #000000\"><strong>Improved Accuracy:<\/strong><\/span> uRAD Industrial 60 GHz radar technology captures subtle and fine movements with great precision, enabling intuitive and accurate interaction with devices.<\/span><\/li>\n<li class=\"translation-block\"><span style=\"font-size: 14pt\"><span style=\"color: #000000\"><strong>Performance in Challenging Environments:<\/strong><\/span> With its ability to operate in the 60 GHz frequency band, uRAD Industrial overcomes obstacles and functions in environments with interference, such as noisy industrial settings or variable lighting conditions. This ensures reliable and consistent performance even in adverse environments.<\/span><\/li>\n<li class=\"translation-block\"><span style=\"font-size: 14pt\"><span style=\"color: #000000\"><strong>Adaptability and Customization:<\/strong><\/span> uRAD Industrial 60 GHz is highly configurable and adaptable to the specific needs of your company. It can be tailored to recognize and respond to specific gestures according to your application requirements, providing a customized and optimized gesture control solution for your working environment.<\/span><\/li>\n<li class=\"translation-block\"><span style=\"font-size: 14pt\"><span style=\"color: #000000\"><strong>High Detection Speed:<\/strong><\/span> The uRAD Industrial 60 GHz system provides fast and efficient gesture detection, enabling smooth and delay-free interaction. Gestures are recognized and translated into actions swiftly, enhancing productivity and efficiency in the workplace.<\/span><\/li>\n<li style=\"text-align: left;\" class=\"translation-block\"><span style=\"font-size: 14pt\"><span style=\"color: #000000\"><strong>Easy Integration:<\/strong><\/span> uRAD Industrial 60 GHz seamlessly integrates with existing systems in your company. It is compatible with various communication interfaces and can be incorporated into a variety of industrial devices and applications without significant disruptions to workflow processes.<\/span><\/li>\n<\/ul>\n\n\t\t<\/div>\n\t<\/div>\n\n\t<div class=\"wpb_text_column wpb_content_element\" >\n\t\t<div class=\"wpb_wrapper\">\n\t\t\t<p style=\"padding-left: 40px;\"><a class=\"boton_nuevo\" href=\"\/en\/product\/urad-radar-industrial\/\">More info<\/a><\/p>\n\n\t\t<\/div>\n\t<\/div>\n\n\t<div class=\"wpb_text_column wpb_content_element\" >\n\t\t<div class=\"wpb_wrapper\">\n\t\t\t<p style=\"padding-left: 40px;\"><a class=\"boton_nuevo\" href=\"\/en\/contacto\/\">Do you have any doubts? Contact us!<\/a><\/p>\n\n\t\t<\/div>\n\t<\/div>\n<\/div><\/div><\/div><\/div>","protected":false},"excerpt":{"rendered":"Reconocimiento de gestos con tecnolog\u00eda radar: la innovaci\u00f3n en tus manos \u00bfTe imaginas controlar tus dispositivos electr\u00f3nicos con solo mover las manos en el aire? Esa idea ya no es ciencia ficci\u00f3n gracias a la tecnolog\u00eda radar basado en reconocimiento de gestos. Ahora, es posible controlar la m\u00fasica, la televisi\u00f3n, las luces y otros dispositivos con solo mover tus manos...","protected":false},"author":1,"featured_media":0,"parent":0,"menu_order":0,"comment_status":"closed","ping_status":"closed","template":"page-full-width-padding.php","meta":{"inline_featured_image":false,"footnotes":""},"class_list":["post-2769","page","type-page","status-publish","hentry"],"yoast_head":"<!-- This site is optimized with the Yoast SEO plugin v26.9 - https:\/\/yoast.com\/product\/yoast-seo-wordpress\/ -->\n<title>Reconocimiento de gestos con radar: la innovaci\u00f3n en tus manos<\/title>\n<meta name=\"description\" content=\"\u00a1Controla todo con tus manos! Descubre el reconocimiento de gestos con radar y transforma tu industria. \u00a1La innovaci\u00f3n esta en tus manos!\" \/>\n<meta name=\"robots\" content=\"index, follow, max-snippet:-1, max-image-preview:large, max-video-preview:-1\" \/>\n<link rel=\"canonical\" href=\"https:\/\/urad.es\/en\/aplicaciones\/reconocimiento-gestos-radar\/\" \/>\n<meta property=\"og:locale\" content=\"en_GB\" \/>\n<meta property=\"og:type\" content=\"article\" \/>\n<meta property=\"og:title\" content=\"Reconocimiento de gestos con radar: la innovaci\u00f3n en tus manos\" \/>\n<meta property=\"og:description\" content=\"\u00a1Controla todo con tus manos! Descubre el reconocimiento de gestos con radar y transforma tu industria. \u00a1La innovaci\u00f3n esta en tus manos!\" \/>\n<meta property=\"og:url\" content=\"https:\/\/urad.es\/en\/aplicaciones\/reconocimiento-gestos-radar\/\" \/>\n<meta property=\"og:site_name\" content=\"uRAD - Universal Radar\" \/>\n<meta property=\"article:modified_time\" content=\"2024-09-04T07:31:45+00:00\" \/>\n<meta name=\"twitter:card\" content=\"summary_large_image\" \/>\n<meta name=\"twitter:site\" content=\"@urad_es\" \/>\n<meta name=\"twitter:label1\" content=\"Estimated reading time\" \/>\n\t<meta name=\"twitter:data1\" content=\"4 minutes\" \/>\n<script type=\"application\/ld+json\" class=\"yoast-schema-graph\">{\"@context\":\"https:\/\/schema.org\",\"@graph\":[{\"@type\":\"WebPage\",\"@id\":\"https:\/\/urad.es\/en\/aplicaciones\/reconocimiento-gestos-radar\/\",\"url\":\"https:\/\/urad.es\/en\/aplicaciones\/reconocimiento-gestos-radar\/\",\"name\":\"Reconocimiento de gestos con radar: la innovaci\u00f3n en tus manos\",\"isPartOf\":{\"@id\":\"https:\/\/urad.es\/en\/#website\"},\"datePublished\":\"2023-09-14T10:47:50+00:00\",\"dateModified\":\"2024-09-04T07:31:45+00:00\",\"description\":\"\u00a1Controla todo con tus manos! Descubre el reconocimiento de gestos con radar y transforma tu industria. \u00a1La innovaci\u00f3n esta en tus manos!\",\"breadcrumb\":{\"@id\":\"https:\/\/urad.es\/en\/aplicaciones\/reconocimiento-gestos-radar\/#breadcrumb\"},\"inLanguage\":\"en-GB\",\"potentialAction\":[{\"@type\":\"ReadAction\",\"target\":[\"https:\/\/urad.es\/en\/aplicaciones\/reconocimiento-gestos-radar\/\"]}]},{\"@type\":\"BreadcrumbList\",\"@id\":\"https:\/\/urad.es\/en\/aplicaciones\/reconocimiento-gestos-radar\/#breadcrumb\",\"itemListElement\":[{\"@type\":\"ListItem\",\"position\":1,\"name\":\"Portada\",\"item\":\"https:\/\/urad.es\/en\/\"},{\"@type\":\"ListItem\",\"position\":2,\"name\":\"Reconocimiento de gestos con radar: la innovaci\u00f3n en tus manos\"}]},{\"@type\":\"WebSite\",\"@id\":\"https:\/\/urad.es\/en\/#website\",\"url\":\"https:\/\/urad.es\/en\/\",\"name\":\"uRAD - Universal Radar\",\"description\":\"La forma m\u00e1s sencilla de medir velocidad, distancia y presencia.\",\"publisher\":{\"@id\":\"https:\/\/urad.es\/en\/#organization\"},\"potentialAction\":[{\"@type\":\"SearchAction\",\"target\":{\"@type\":\"EntryPoint\",\"urlTemplate\":\"https:\/\/urad.es\/en\/?s={search_term_string}\"},\"query-input\":{\"@type\":\"PropertyValueSpecification\",\"valueRequired\":true,\"valueName\":\"search_term_string\"}}],\"inLanguage\":\"en-GB\"},{\"@type\":\"Organization\",\"@id\":\"https:\/\/urad.es\/en\/#organization\",\"name\":\"uRAD\",\"url\":\"https:\/\/urad.es\/en\/\",\"logo\":{\"@type\":\"ImageObject\",\"inLanguage\":\"en-GB\",\"@id\":\"https:\/\/urad.es\/en\/#\/schema\/logo\/image\/\",\"url\":\"https:\/\/urad.es\/wp-content\/uploads\/2019\/03\/IMAGOTIPO-uRAD-ORIGINAL-by-Anteral.jpg\",\"contentUrl\":\"https:\/\/urad.es\/wp-content\/uploads\/2019\/03\/IMAGOTIPO-uRAD-ORIGINAL-by-Anteral.jpg\",\"width\":3404,\"height\":1776,\"caption\":\"uRAD\"},\"image\":{\"@id\":\"https:\/\/urad.es\/en\/#\/schema\/logo\/image\/\"},\"sameAs\":[\"https:\/\/x.com\/urad_es\",\"https:\/\/www.linkedin.com\/company\/urad-es\/\"]}]}<\/script>\n<!-- \/ Yoast SEO plugin. -->","yoast_head_json":{"title":"Gesture recognition with radar technology: innovation in your hands.","description":"Control everything with your hands! Explore radar gesture recognition and transform your industry. Innovation is in your hands!","robots":{"index":"index","follow":"follow","max-snippet":"max-snippet:-1","max-image-preview":"max-image-preview:large","max-video-preview":"max-video-preview:-1"},"canonical":"https:\/\/urad.es\/en\/aplicaciones\/reconocimiento-gestos-radar\/","og_locale":"en_GB","og_type":"article","og_title":"Reconocimiento de gestos con radar: la innovaci\u00f3n en tus manos","og_description":"\u00a1Controla todo con tus manos! Descubre el reconocimiento de gestos con radar y transforma tu industria. \u00a1La innovaci\u00f3n esta en tus manos!","og_url":"https:\/\/urad.es\/en\/aplicaciones\/reconocimiento-gestos-radar\/","og_site_name":"uRAD - Universal Radar","article_modified_time":"2024-09-04T07:31:45+00:00","twitter_card":"summary_large_image","twitter_site":"@urad_es","twitter_misc":{"Estimated reading time":"4 minutes"},"schema":{"@context":"https:\/\/schema.org","@graph":[{"@type":"WebPage","@id":"https:\/\/urad.es\/en\/aplicaciones\/reconocimiento-gestos-radar\/","url":"https:\/\/urad.es\/en\/aplicaciones\/reconocimiento-gestos-radar\/","name":"Gesture recognition with radar technology: innovation in your hands.","isPartOf":{"@id":"https:\/\/urad.es\/en\/#website"},"datePublished":"2023-09-14T10:47:50+00:00","dateModified":"2024-09-04T07:31:45+00:00","description":"Control everything with your hands! Explore radar gesture recognition and transform your industry. Innovation is in your hands!","breadcrumb":{"@id":"https:\/\/urad.es\/en\/aplicaciones\/reconocimiento-gestos-radar\/#breadcrumb"},"inLanguage":"en-GB","potentialAction":[{"@type":"ReadAction","target":["https:\/\/urad.es\/en\/aplicaciones\/reconocimiento-gestos-radar\/"]}]},{"@type":"BreadcrumbList","@id":"https:\/\/urad.es\/en\/aplicaciones\/reconocimiento-gestos-radar\/#breadcrumb","itemListElement":[{"@type":"ListItem","position":1,"name":"Portada","item":"https:\/\/urad.es\/en\/"},{"@type":"ListItem","position":2,"name":"Reconocimiento de gestos con radar: la innovaci\u00f3n en tus manos"}]},{"@type":"WebSite","@id":"https:\/\/urad.es\/en\/#website","url":"https:\/\/urad.es\/en\/","name":"uRAD - Universal Radar","description":"The easiest way to measure velocity, distance and detect presence.","publisher":{"@id":"https:\/\/urad.es\/en\/#organization"},"potentialAction":[{"@type":"SearchAction","target":{"@type":"EntryPoint","urlTemplate":"https:\/\/urad.es\/en\/?s={search_term_string}"},"query-input":{"@type":"PropertyValueSpecification","valueRequired":true,"valueName":"search_term_string"}}],"inLanguage":"en-GB"},{"@type":"Organization","@id":"https:\/\/urad.es\/en\/#organization","name":"uRAD","url":"https:\/\/urad.es\/en\/","logo":{"@type":"ImageObject","inLanguage":"en-GB","@id":"https:\/\/urad.es\/en\/#\/schema\/logo\/image\/","url":"https:\/\/urad.es\/wp-content\/uploads\/2019\/03\/IMAGOTIPO-uRAD-ORIGINAL-by-Anteral.jpg","contentUrl":"https:\/\/urad.es\/wp-content\/uploads\/2019\/03\/IMAGOTIPO-uRAD-ORIGINAL-by-Anteral.jpg","width":3404,"height":1776,"caption":"uRAD"},"image":{"@id":"https:\/\/urad.es\/en\/#\/schema\/logo\/image\/"},"sameAs":["https:\/\/x.com\/urad_es","https:\/\/www.linkedin.com\/company\/urad-es\/"]}]}},"_links":{"self":[{"href":"https:\/\/urad.es\/en\/wp-json\/wp\/v2\/pages\/2769","targetHints":{"allow":["GET"]}}],"collection":[{"href":"https:\/\/urad.es\/en\/wp-json\/wp\/v2\/pages"}],"about":[{"href":"https:\/\/urad.es\/en\/wp-json\/wp\/v2\/types\/page"}],"author":[{"embeddable":true,"href":"https:\/\/urad.es\/en\/wp-json\/wp\/v2\/users\/1"}],"replies":[{"embeddable":true,"href":"https:\/\/urad.es\/en\/wp-json\/wp\/v2\/comments?post=2769"}],"version-history":[{"count":3,"href":"https:\/\/urad.es\/en\/wp-json\/wp\/v2\/pages\/2769\/revisions"}],"predecessor-version":[{"id":3124,"href":"https:\/\/urad.es\/en\/wp-json\/wp\/v2\/pages\/2769\/revisions\/3124"}],"wp:attachment":[{"href":"https:\/\/urad.es\/en\/wp-json\/wp\/v2\/media?parent=2769"}],"curies":[{"name":"wp","href":"https:\/\/api.w.org\/{rel}","templated":true}]}}