{"id":1792,"date":"2022-06-23T14:08:17","date_gmt":"2022-06-23T14:08:17","guid":{"rendered":"https:\/\/urad.es\/?page_id=1792"},"modified":"2023-11-30T12:50:39","modified_gmt":"2023-11-30T12:50:39","slug":"control-de-accesos-en-obras","status":"publish","type":"page","link":"https:\/\/urad.es\/en\/aplicaciones\/control-acceso-obras\/","title":{"rendered":"Construction sites access control"},"content":{"rendered":"<div class=\"vc_row wpb_row vc_row-fluid introduccion_traffic margen_debajo vc_custom_1671009122760 vc_row-has-fill\"><div class=\"wpb_column vc_column_container vc_col-sm-1\"><div class=\"vc_column-inner\"><div class=\"wpb_wrapper\"><\/div><\/div><\/div><div class=\"wpb_column vc_column_container vc_col-sm-6\"><div class=\"vc_column-inner\"><div class=\"wpb_wrapper\">\n\t<div class=\"wpb_text_column wpb_content_element\" >\n\t\t<div class=\"wpb_wrapper\">\n\t\t\t<h2 style=\"text-align: center;\">Construction sites access control - uRAD &amp; ACR &amp; i3Code<\/h2>\n\n\t\t<\/div>\n\t<\/div>\n<\/div><\/div><\/div><div class=\"wpb_column vc_column_container vc_col-sm-4\"><div class=\"vc_column-inner\"><div class=\"wpb_wrapper\"><\/div><\/div><\/div><\/div><div class=\"container\"><div class=\"vc_row wpb_row vc_row-fluid margen_debajo\"><div class=\"wpb_column vc_column_container vc_col-sm-12\"><div class=\"vc_column-inner\"><div class=\"wpb_wrapper\">\n\t<div class=\"wpb_text_column wpb_content_element\" >\n\t\t<div class=\"wpb_wrapper\">\n\t\t\t<p><span style=\"color: #49a6bf; font-size: 14pt;\">uRAD <\/span>by Anteral, together with the company <a href=\"https:\/\/acr.es\/\" target=\"_blank\" rel=\"noopener\">ACR Group<\/a> and <a href=\"https:\/\/www.i3code.es\" target=\"_blank\" rel=\"noopener\">i3Code<\/a> , have developed an access control system for contruction sites that enables an accurate control of all vehicles that access the site and their authorization level.<\/p>\n\n\t\t<\/div>\n\t<\/div>\n<\/div><\/div><\/div><\/div><\/div><div class=\"container\"><div class=\"vc_row wpb_row vc_row-fluid margen_debajo\"><div class=\"wpb_column vc_column_container vc_col-sm-8\"><div class=\"vc_column-inner\"><div class=\"wpb_wrapper\"><div class=\"vc_row wpb_row vc_inner vc_row-fluid\"><div class=\"wpb_column vc_column_container vc_col-sm-4\"><div class=\"vc_column-inner\"><div class=\"wpb_wrapper\">\n\t<div class=\"wpb_text_column wpb_content_element\" >\n\t\t<div class=\"wpb_wrapper\">\n\t\t\t<h2 style=\"text-align: center;\"><span style=\"color: #49a6bf;\">License plate recognition<br \/>\n<\/span><\/h2>\n\n\t\t<\/div>\n\t<\/div>\n\n\t<div class=\"wpb_text_column wpb_content_element\" >\n\t\t<div class=\"wpb_wrapper\">\n\t\t\t<p style=\"text-align: center;\">Adapted version of uRAD Smart Traffic with camera sytem.<\/p>\n\n\t\t<\/div>\n\t<\/div>\n<\/div><\/div><\/div><div class=\"wpb_column vc_column_container vc_col-sm-4\"><div class=\"vc_column-inner\"><div class=\"wpb_wrapper\">\n\t<div class=\"wpb_text_column wpb_content_element\" >\n\t\t<div class=\"wpb_wrapper\">\n\t\t\t<h2 style=\"text-align: center;\"><span style=\"color: #49a6bf;\">Autonomous system<br \/>\n<\/span><\/h2>\n\n\t\t<\/div>\n\t<\/div>\n\n\t<div class=\"wpb_text_column wpb_content_element\" >\n\t\t<div class=\"wpb_wrapper\">\n\t\t\t<p style=\"text-align: center;\">The system works autonomously thanks to a  solar panel and a battery.<\/p>\n\n\t\t<\/div>\n\t<\/div>\n<\/div><\/div><\/div><div class=\"wpb_column vc_column_container vc_col-sm-4\"><div class=\"vc_column-inner\"><div class=\"wpb_wrapper\">\n\t<div class=\"wpb_text_column wpb_content_element\" >\n\t\t<div class=\"wpb_wrapper\">\n\t\t\t<h2 style=\"text-align: center;\"><span style=\"color: #49a6bf;\">Online dashboard<br \/>\n<\/span><\/h2>\n\n\t\t<\/div>\n\t<\/div>\n\n\t<div class=\"wpb_text_column wpb_content_element\" >\n\t\t<div class=\"wpb_wrapper\">\n\t\t\t<p style=\"text-align: center;\">Online dashboard for real-time monitoring of vehicles and their authorization status.<\/p>\n\n\t\t<\/div>\n\t<\/div>\n<\/div><\/div><\/div><\/div><div class=\"vc_row wpb_row vc_inner vc_row-fluid\"><div class=\"wpb_column vc_column_container vc_col-sm-4\"><div class=\"vc_column-inner\"><div class=\"wpb_wrapper\">\n\t<div class=\"wpb_text_column wpb_content_element\" >\n\t\t<div class=\"wpb_wrapper\">\n\t\t\t<h2 style=\"text-align: center;\"><span style=\"color: #49a6bf;\">Connectivity<br \/>\n<\/span><\/h2>\n\n\t\t<\/div>\n\t<\/div>\n\n\t<div class=\"wpb_text_column wpb_content_element\" >\n\t\t<div class=\"wpb_wrapper\">\n\t\t\t<p style=\"text-align: center;\">Wi-Fi and 4G connectivity for remote control of the system.<\/p>\n\n\t\t<\/div>\n\t<\/div>\n<\/div><\/div><\/div><div class=\"wpb_column vc_column_container vc_col-sm-4\"><div class=\"vc_column-inner\"><div class=\"wpb_wrapper\">\n\t<div class=\"wpb_text_column wpb_content_element\" >\n\t\t<div class=\"wpb_wrapper\">\n\t\t\t<h2 style=\"text-align: center;\"><span style=\"color: #49a6bf;\">Breeam<br \/>\n<\/span><\/h2>\n\n\t\t<\/div>\n\t<\/div>\n\n\t<div class=\"wpb_text_column wpb_content_element\" >\n\t\t<div class=\"wpb_wrapper\">\n\t\t\t<p style=\"text-align: center;\">Specially developed system for sustainable constructions.<\/p>\n\n\t\t<\/div>\n\t<\/div>\n<\/div><\/div><\/div><\/div><\/div><\/div><\/div><div class=\"wpb_column vc_column_container vc_col-sm-4\"><div class=\"vc_column-inner\"><div class=\"wpb_wrapper\">\n\t<div  class=\"wpb_single_image wpb_content_element vc_align_left\">\n\t\t\n\t\t<figure class=\"wpb_wrapper vc_figure\">\n\t\t\t<div class=\"vc_single_image-wrapper   vc_box_border_grey\"><img loading=\"lazy\" decoding=\"async\" width=\"1836\" height=\"1440\" src=\"https:\/\/urad.es\/wp-content\/uploads\/2023\/05\/c-dustin-91AQt9p4Mo8-unsplash-scaled-e1655991663657.webp\" class=\"vc_single_image-img attachment-full\" alt=\"\" srcset=\"https:\/\/urad.es\/wp-content\/uploads\/2023\/05\/c-dustin-91AQt9p4Mo8-unsplash-scaled-e1655991663657.webp 1836w, https:\/\/urad.es\/wp-content\/uploads\/2023\/05\/c-dustin-91AQt9p4Mo8-unsplash-scaled-e1655991663657-300x235.webp 300w, https:\/\/urad.es\/wp-content\/uploads\/2023\/05\/c-dustin-91AQt9p4Mo8-unsplash-scaled-e1655991663657-1024x803.webp 1024w, https:\/\/urad.es\/wp-content\/uploads\/2023\/05\/c-dustin-91AQt9p4Mo8-unsplash-scaled-e1655991663657-768x602.webp 768w, https:\/\/urad.es\/wp-content\/uploads\/2023\/05\/c-dustin-91AQt9p4Mo8-unsplash-scaled-e1655991663657-1536x1205.webp 1536w, https:\/\/urad.es\/wp-content\/uploads\/2023\/05\/c-dustin-91AQt9p4Mo8-unsplash-scaled-e1655991663657-15x12.webp 15w, https:\/\/urad.es\/wp-content\/uploads\/2023\/05\/c-dustin-91AQt9p4Mo8-unsplash-scaled-e1655991663657-600x471.webp 600w\" sizes=\"auto, (max-width: 1836px) 100vw, 1836px\" \/><\/div>\n\t\t<\/figure>\n\t<\/div>\n<\/div><\/div><\/div><\/div><\/div><div class=\"container\"><div class=\"vc_row wpb_row vc_row-fluid\"><div class=\"wpb_column vc_column_container vc_col-sm-12\"><div class=\"vc_column-inner\"><div class=\"wpb_wrapper\">\n\t<div class=\"wpb_text_column wpb_content_element\" >\n\t\t<div class=\"wpb_wrapper\">\n\t\t\t<p><span style=\"font-size: 14pt;\">If you are interested in this type of solution, do not hesitate to contact us at <strong>contact@urad.es<\/strong>.<\/span><\/p>\n\n\t\t<\/div>\n\t<\/div>\n<\/div><\/div><\/div><\/div><\/div>","protected":false},"excerpt":{"rendered":"Control de accesos en obras - uRAD &amp; ACR &amp; i3Code uRAD by Anteral, junto con la empresa Grupo ACR e i3Code han desarrollado conjuntamente un sistema de control de acceso en obras que permite llevar un control preciso de todos los veh\u00edculos que acceden al recinto de la obra y su nivel de autorizaci\u00f3n. Reconocer matr\u00edculas Implementaci\u00f3n de una...","protected":false},"author":1,"featured_media":0,"parent":0,"menu_order":0,"comment_status":"closed","ping_status":"closed","template":"page-full-width-padding.php","meta":{"inline_featured_image":false,"footnotes":""},"class_list":["post-1792","page","type-page","status-publish","hentry"],"yoast_head":"<!-- This site is optimized with the Yoast SEO plugin v26.9 - https:\/\/yoast.com\/product\/yoast-seo-wordpress\/ -->\n<title>Control de accesos en obras - uRAD - Universal Radar<\/title>\n<meta name=\"description\" content=\"Controla el acceso y mejora la seguridad en obras al supervisar eficientemente el ingreso de veh\u00edculos. \u00a1Descubre la soluci\u00f3n definitiva!\" \/>\n<meta name=\"robots\" content=\"index, follow, max-snippet:-1, max-image-preview:large, max-video-preview:-1\" \/>\n<link rel=\"canonical\" href=\"https:\/\/urad.es\/en\/aplicaciones\/control-acceso-obras\/\" \/>\n<meta property=\"og:locale\" content=\"en_GB\" \/>\n<meta property=\"og:type\" content=\"article\" \/>\n<meta property=\"og:title\" content=\"Control de accesos en obras - uRAD - Universal Radar\" \/>\n<meta property=\"og:description\" content=\"Controla el acceso y mejora la seguridad en obras al supervisar eficientemente el ingreso de veh\u00edculos. \u00a1Descubre la soluci\u00f3n definitiva!\" \/>\n<meta property=\"og:url\" content=\"https:\/\/urad.es\/en\/aplicaciones\/control-acceso-obras\/\" \/>\n<meta property=\"og:site_name\" content=\"uRAD - Universal Radar\" \/>\n<meta property=\"article:modified_time\" content=\"2023-11-30T12:50:39+00:00\" \/>\n<meta name=\"twitter:card\" content=\"summary_large_image\" \/>\n<meta name=\"twitter:site\" content=\"@urad_es\" \/>\n<meta name=\"twitter:label1\" content=\"Estimated reading time\" \/>\n\t<meta name=\"twitter:data1\" content=\"1 minute\" \/>\n<script type=\"application\/ld+json\" class=\"yoast-schema-graph\">{\"@context\":\"https:\/\/schema.org\",\"@graph\":[{\"@type\":\"WebPage\",\"@id\":\"https:\/\/urad.es\/en\/aplicaciones\/control-acceso-obras\/\",\"url\":\"https:\/\/urad.es\/en\/aplicaciones\/control-acceso-obras\/\",\"name\":\"Control de accesos en obras - uRAD - Universal Radar\",\"isPartOf\":{\"@id\":\"https:\/\/urad.es\/en\/#website\"},\"datePublished\":\"2022-06-23T14:08:17+00:00\",\"dateModified\":\"2023-11-30T12:50:39+00:00\",\"description\":\"Controla el acceso y mejora la seguridad en obras al supervisar eficientemente el ingreso de veh\u00edculos. \u00a1Descubre la soluci\u00f3n definitiva!\",\"breadcrumb\":{\"@id\":\"https:\/\/urad.es\/en\/aplicaciones\/control-acceso-obras\/#breadcrumb\"},\"inLanguage\":\"en-GB\",\"potentialAction\":[{\"@type\":\"ReadAction\",\"target\":[\"https:\/\/urad.es\/en\/aplicaciones\/control-acceso-obras\/\"]}]},{\"@type\":\"BreadcrumbList\",\"@id\":\"https:\/\/urad.es\/en\/aplicaciones\/control-acceso-obras\/#breadcrumb\",\"itemListElement\":[{\"@type\":\"ListItem\",\"position\":1,\"name\":\"Portada\",\"item\":\"https:\/\/urad.es\/en\/\"},{\"@type\":\"ListItem\",\"position\":2,\"name\":\"Control de accesos en obras\"}]},{\"@type\":\"WebSite\",\"@id\":\"https:\/\/urad.es\/en\/#website\",\"url\":\"https:\/\/urad.es\/en\/\",\"name\":\"uRAD - Universal Radar\",\"description\":\"La forma m\u00e1s sencilla de medir velocidad, distancia y presencia.\",\"publisher\":{\"@id\":\"https:\/\/urad.es\/en\/#organization\"},\"potentialAction\":[{\"@type\":\"SearchAction\",\"target\":{\"@type\":\"EntryPoint\",\"urlTemplate\":\"https:\/\/urad.es\/en\/?s={search_term_string}\"},\"query-input\":{\"@type\":\"PropertyValueSpecification\",\"valueRequired\":true,\"valueName\":\"search_term_string\"}}],\"inLanguage\":\"en-GB\"},{\"@type\":\"Organization\",\"@id\":\"https:\/\/urad.es\/en\/#organization\",\"name\":\"uRAD\",\"url\":\"https:\/\/urad.es\/en\/\",\"logo\":{\"@type\":\"ImageObject\",\"inLanguage\":\"en-GB\",\"@id\":\"https:\/\/urad.es\/en\/#\/schema\/logo\/image\/\",\"url\":\"https:\/\/urad.es\/wp-content\/uploads\/2019\/03\/IMAGOTIPO-uRAD-ORIGINAL-by-Anteral.jpg\",\"contentUrl\":\"https:\/\/urad.es\/wp-content\/uploads\/2019\/03\/IMAGOTIPO-uRAD-ORIGINAL-by-Anteral.jpg\",\"width\":3404,\"height\":1776,\"caption\":\"uRAD\"},\"image\":{\"@id\":\"https:\/\/urad.es\/en\/#\/schema\/logo\/image\/\"},\"sameAs\":[\"https:\/\/x.com\/urad_es\",\"https:\/\/www.linkedin.com\/company\/urad-es\/\"]}]}<\/script>\n<!-- \/ Yoast SEO plugin. -->","yoast_head_json":{"title":"Control de accesos en obras - uRAD - Universal Radar","description":"Controla el acceso y mejora la seguridad en obras al supervisar eficientemente el ingreso de veh\u00edculos. \u00a1Descubre la soluci\u00f3n definitiva!","robots":{"index":"index","follow":"follow","max-snippet":"max-snippet:-1","max-image-preview":"max-image-preview:large","max-video-preview":"max-video-preview:-1"},"canonical":"https:\/\/urad.es\/en\/aplicaciones\/control-acceso-obras\/","og_locale":"en_GB","og_type":"article","og_title":"Control de accesos en obras - uRAD - Universal Radar","og_description":"Controla el acceso y mejora la seguridad en obras al supervisar eficientemente el ingreso de veh\u00edculos. \u00a1Descubre la soluci\u00f3n definitiva!","og_url":"https:\/\/urad.es\/en\/aplicaciones\/control-acceso-obras\/","og_site_name":"uRAD - Universal Radar","article_modified_time":"2023-11-30T12:50:39+00:00","twitter_card":"summary_large_image","twitter_site":"@urad_es","twitter_misc":{"Estimated reading time":"1 minute"},"schema":{"@context":"https:\/\/schema.org","@graph":[{"@type":"WebPage","@id":"https:\/\/urad.es\/en\/aplicaciones\/control-acceso-obras\/","url":"https:\/\/urad.es\/en\/aplicaciones\/control-acceso-obras\/","name":"Control de accesos en obras - uRAD - Universal Radar","isPartOf":{"@id":"https:\/\/urad.es\/en\/#website"},"datePublished":"2022-06-23T14:08:17+00:00","dateModified":"2023-11-30T12:50:39+00:00","description":"Controla el acceso y mejora la seguridad en obras al supervisar eficientemente el ingreso de veh\u00edculos. \u00a1Descubre la soluci\u00f3n definitiva!","breadcrumb":{"@id":"https:\/\/urad.es\/en\/aplicaciones\/control-acceso-obras\/#breadcrumb"},"inLanguage":"en-GB","potentialAction":[{"@type":"ReadAction","target":["https:\/\/urad.es\/en\/aplicaciones\/control-acceso-obras\/"]}]},{"@type":"BreadcrumbList","@id":"https:\/\/urad.es\/en\/aplicaciones\/control-acceso-obras\/#breadcrumb","itemListElement":[{"@type":"ListItem","position":1,"name":"Portada","item":"https:\/\/urad.es\/en\/"},{"@type":"ListItem","position":2,"name":"Control de accesos en obras"}]},{"@type":"WebSite","@id":"https:\/\/urad.es\/en\/#website","url":"https:\/\/urad.es\/en\/","name":"uRAD - Universal Radar","description":"The easiest way to measure velocity, distance and detect presence.","publisher":{"@id":"https:\/\/urad.es\/en\/#organization"},"potentialAction":[{"@type":"SearchAction","target":{"@type":"EntryPoint","urlTemplate":"https:\/\/urad.es\/en\/?s={search_term_string}"},"query-input":{"@type":"PropertyValueSpecification","valueRequired":true,"valueName":"search_term_string"}}],"inLanguage":"en-GB"},{"@type":"Organization","@id":"https:\/\/urad.es\/en\/#organization","name":"uRAD","url":"https:\/\/urad.es\/en\/","logo":{"@type":"ImageObject","inLanguage":"en-GB","@id":"https:\/\/urad.es\/en\/#\/schema\/logo\/image\/","url":"https:\/\/urad.es\/wp-content\/uploads\/2019\/03\/IMAGOTIPO-uRAD-ORIGINAL-by-Anteral.jpg","contentUrl":"https:\/\/urad.es\/wp-content\/uploads\/2019\/03\/IMAGOTIPO-uRAD-ORIGINAL-by-Anteral.jpg","width":3404,"height":1776,"caption":"uRAD"},"image":{"@id":"https:\/\/urad.es\/en\/#\/schema\/logo\/image\/"},"sameAs":["https:\/\/x.com\/urad_es","https:\/\/www.linkedin.com\/company\/urad-es\/"]}]}},"_links":{"self":[{"href":"https:\/\/urad.es\/en\/wp-json\/wp\/v2\/pages\/1792","targetHints":{"allow":["GET"]}}],"collection":[{"href":"https:\/\/urad.es\/en\/wp-json\/wp\/v2\/pages"}],"about":[{"href":"https:\/\/urad.es\/en\/wp-json\/wp\/v2\/types\/page"}],"author":[{"embeddable":true,"href":"https:\/\/urad.es\/en\/wp-json\/wp\/v2\/users\/1"}],"replies":[{"embeddable":true,"href":"https:\/\/urad.es\/en\/wp-json\/wp\/v2\/comments?post=1792"}],"version-history":[{"count":26,"href":"https:\/\/urad.es\/en\/wp-json\/wp\/v2\/pages\/1792\/revisions"}],"predecessor-version":[{"id":2909,"href":"https:\/\/urad.es\/en\/wp-json\/wp\/v2\/pages\/1792\/revisions\/2909"}],"wp:attachment":[{"href":"https:\/\/urad.es\/en\/wp-json\/wp\/v2\/media?parent=1792"}],"curies":[{"name":"wp","href":"https:\/\/api.w.org\/{rel}","templated":true}]}}